{"id":379,"date":"2024-06-27T16:05:01","date_gmt":"2024-06-27T16:05:01","guid":{"rendered":"https:\/\/medisparkweb.com\/?page_id=379"},"modified":"2024-06-27T16:05:09","modified_gmt":"2024-06-27T16:05:09","slug":"cookie-policy","status":"publish","type":"page","link":"https:\/\/medisparkweb.com\/it\/cookie-policy\/","title":{"rendered":"Informativa sui cookie"},"content":{"rendered":"<p>Medispark OU (di seguito \"Medispark\", \"noi\", \"ci\" o \"nostro\") si impegna a migliorare la tua esperienza sul nostro sito web. La presente Informativa sui cookie illustra le modalit\u00e0 di utilizzo dei cookie e di tecnologie simili per riconoscere l'utente quando visita il nostro sito web all'indirizzo MedisparkWeb.com (il \"sito web\"). La nostra societ\u00e0 \u00e8 registrata in Estonia con il numero di registrazione 16981891, e il nostro indirizzo registrato \u00e8 Narva mnt 5-246, Tallinn, 10117, Estonia. L'indirizzo del nostro ufficio \u00e8 Valukoja 8\/1, 11415 Tallinn, Estonia.<\/p>\n\n\n\n<h2 class=\"wp-block-heading\">Cosa sono i cookie?<\/h2>\n\n\n\n<p>I cookie sono piccoli file di dati che vengono inseriti nel dispositivo dell'utente quando visita un sito web. Sono ampiamente utilizzati per far funzionare i siti web in modo pi\u00f9 efficiente e per fornire informazioni ai proprietari del sito. I cookie ci consentono di migliorare l'esperienza dell'utente, di adattare i contenuti alle sue preferenze e di migliorare i nostri servizi.<\/p>\n\n\n\n<h2 class=\"wp-block-heading\">Tipi di cookie utilizzati<\/h2>\n\n\n\n<ol class=\"wp-block-list\">\n<li><strong>Biscotti essenziali<\/strong>: Questi cookie sono necessari per il corretto funzionamento del sito web. Senza questi cookie, alcune parti del nostro sito web non potrebbero funzionare.<\/li>\n\n\n\n<li><strong>Cookie di prestazione e di analisi<\/strong>: Questi cookie ci aiutano a capire come interagite con il nostro sito web, raccogliendo e riportando informazioni in forma anonima. Ci permettono di misurare e migliorare le prestazioni del nostro sito.<\/li>\n\n\n\n<li><strong>Cookie di funzionalit\u00e0<\/strong>: Questi cookie consentono al nostro sito web di ricordare le scelte effettuate dall'utente (come il nome utente, la lingua o la regione in cui si trova) e di fornire funzionalit\u00e0 avanzate e pi\u00f9 personali.<\/li>\n\n\n\n<li><strong>Cookie pubblicitari e di targeting<\/strong>: Questi cookie forniscono annunci pubblicitari pertinenti all'utente e ai suoi interessi. Inoltre, limitano il numero di volte in cui viene visualizzato un annuncio e aiutano a misurare l'efficacia della campagna pubblicitaria.<\/li>\n<\/ol>\n\n\n\n<h2 class=\"wp-block-heading\">Come utilizziamo i cookie<\/h2>\n\n\n\n<p>Utilizziamo i cookie per:<\/p>\n\n\n\n<ul class=\"wp-block-list\">\n<li>Garantire il corretto funzionamento del sito web.<\/li>\n\n\n\n<li>Ricordare le preferenze e le impostazioni.<\/li>\n\n\n\n<li>Capire come i visitatori utilizzano il nostro sito web e migliorarne le prestazioni.<\/li>\n\n\n\n<li>Fornire contenuti e pubblicit\u00e0 personalizzati.<\/li>\n\n\n\n<li>Svolgere attivit\u00e0 di analisi e ricerca per migliorare i nostri servizi.<\/li>\n<\/ul>\n\n\n\n<h2 class=\"wp-block-heading\">Il vostro consenso<\/h2>\n\n\n\n<p>Utilizzando il nostro sito web, l'utente accetta i cookie come indicato nella presente Politica sui cookie. Quando visitate per la prima volta il nostro sito web, vedrete un avviso sui cookie che vi permetter\u00e0 di gestire le vostre preferenze in merito.<\/p>\n\n\n\n<h2 class=\"wp-block-heading\">Gestione delle preferenze sui cookie<\/h2>\n\n\n\n<p>L'utente ha il diritto di decidere se accettare o rifiutare i cookie. Potete impostare il vostro browser in modo che rifiuti i cookie o che vi avverta quando vengono inviati. Tuttavia, se si sceglie di disattivare i cookie, alcune caratteristiche del nostro Sito web potrebbero non funzionare correttamente.<\/p>\n\n\n\n<h2 class=\"wp-block-heading\">Cookie di terze parti<\/h2>\n\n\n\n<p>Oltre ai nostri cookie, possiamo anche utilizzare vari cookie di terze parti per riportare le statistiche di utilizzo del sito web e fornire pubblicit\u00e0 su e attraverso il sito web. Le rispettive politiche sulla privacy delle terze parti regolano questi cookie di terze parti.<\/p>\n\n\n\n<h2 class=\"wp-block-heading\">Modifiche alla presente Informativa sui cookie<\/h2>\n\n\n\n<p>Medispark si riserva il diritto di aggiornare o modificare la presente Politica sui cookie in qualsiasi momento. Vi invitiamo a rivedere periodicamente questa politica per rimanere informati sulle modalit\u00e0 di utilizzo dei cookie. Eventuali modifiche significative saranno comunicate agli utenti registrati via e-mail.<\/p>\n\n\n\n<h2 class=\"wp-block-heading\">Contatto<\/h2>\n\n\n\n<p>In caso di domande o dubbi sull'utilizzo dei cookie da parte nostra, contattateci all'indirizzo:<\/p>\n\n\n\n<ul class=\"wp-block-list\">\n<li>E-mail: <a href=\"mailto:support@medisparkweb.com\">support@medisparkweb.com<\/a><\/li>\n\n\n\n<li>Sito web: <a href=\"https:\/\/medisparkweb.com\/it\/contact-us\/\">medisparkweb.com\/contatto-noi<\/a><\/li>\n\n\n\n<li>Telefono: <a href=\"tel: 3726682564\">+3726682564<\/a><\/li>\n<\/ul>\n\n\n\n<p>Continuando a utilizzare il nostro sito web, l'utente accetta i termini della presente Politica sui cookie.<\/p>","protected":false},"excerpt":{"rendered":"<p>Medispark OU (hereafter referred to as &#8220;Medispark,&#8221; &#8220;we,&#8221; &#8220;us,&#8221; or &#8220;our&#8221;) is committed to enhancing your experience on our Website. This Cookie Policy outlines how we use cookies and similar technologies to recognize you when you visit our Website at MedisparkWeb.com (the &#8220;Website&#8221;). Our company is registered in Estonia with the registration number 16981891, and [&hellip;]<\/p>","protected":false},"author":1,"featured_media":0,"parent":0,"menu_order":0,"comment_status":"closed","ping_status":"closed","template":"template-pages\/policy.php","meta":{"_acf_changed":false,"inline_featured_image":false,"footnotes":""},"class_list":["post-379","page","type-page","status-publish","hentry"],"acf":[],"yoast_head":"<!-- This site is optimized with the Yoast SEO plugin v22.8 - https:\/\/yoast.com\/wordpress\/plugins\/seo\/ -->\n<title>Cookie Policy - MedisparkWeb<\/title>\n<meta name=\"robots\" content=\"index, follow, max-snippet:-1, max-image-preview:large, max-video-preview:-1\" \/>\n<link rel=\"canonical\" href=\"https:\/\/medisparkweb.com\/it\/cookie-policy\/\" \/>\n<meta property=\"og:locale\" content=\"it_IT\" \/>\n<meta property=\"og:type\" content=\"article\" \/>\n<meta property=\"og:title\" content=\"Cookie Policy - MedisparkWeb\" \/>\n<meta property=\"og:description\" content=\"Medispark OU (hereafter referred to as &#8220;Medispark,&#8221; &#8220;we,&#8221; &#8220;us,&#8221; or &#8220;our&#8221;) is committed to enhancing your experience on our Website. This Cookie Policy outlines how we use cookies and similar technologies to recognize you when you visit our Website at MedisparkWeb.com (the &#8220;Website&#8221;). Our company is registered in Estonia with the registration number 16981891, and [&hellip;]\" \/>\n<meta property=\"og:url\" content=\"https:\/\/medisparkweb.com\/it\/cookie-policy\/\" \/>\n<meta property=\"og:site_name\" content=\"MedisparkWeb\" \/>\n<meta property=\"article:modified_time\" content=\"2024-06-27T16:05:09+00:00\" \/>\n<meta name=\"twitter:card\" content=\"summary_large_image\" \/>\n<meta name=\"twitter:label1\" content=\"Tempo di lettura stimato\" \/>\n\t<meta name=\"twitter:data1\" content=\"3 minuti\" \/>\n<script type=\"application\/ld+json\" class=\"yoast-schema-graph\">{\"@context\":\"https:\/\/schema.org\",\"@graph\":[{\"@type\":\"WebPage\",\"@id\":\"https:\/\/medisparkweb.com\/cookie-policy\/\",\"url\":\"https:\/\/medisparkweb.com\/cookie-policy\/\",\"name\":\"Cookie Policy - MedisparkWeb\",\"isPartOf\":{\"@id\":\"https:\/\/medisparkweb.com\/#website\"},\"datePublished\":\"2024-06-27T16:05:01+00:00\",\"dateModified\":\"2024-06-27T16:05:09+00:00\",\"breadcrumb\":{\"@id\":\"https:\/\/medisparkweb.com\/cookie-policy\/#breadcrumb\"},\"inLanguage\":\"it-IT\",\"potentialAction\":[{\"@type\":\"ReadAction\",\"target\":[\"https:\/\/medisparkweb.com\/cookie-policy\/\"]}]},{\"@type\":\"BreadcrumbList\",\"@id\":\"https:\/\/medisparkweb.com\/cookie-policy\/#breadcrumb\",\"itemListElement\":[{\"@type\":\"ListItem\",\"position\":1,\"name\":\"Home\",\"item\":\"https:\/\/medisparkweb.com\/\"},{\"@type\":\"ListItem\",\"position\":2,\"name\":\"Cookie Policy\"}]},{\"@type\":\"WebSite\",\"@id\":\"https:\/\/medisparkweb.com\/#website\",\"url\":\"https:\/\/medisparkweb.com\/\",\"name\":\"MedisparkWeb\",\"description\":\"\",\"potentialAction\":[{\"@type\":\"SearchAction\",\"target\":{\"@type\":\"EntryPoint\",\"urlTemplate\":\"https:\/\/medisparkweb.com\/?s={search_term_string}\"},\"query-input\":\"required name=search_term_string\"}],\"inLanguage\":\"it-IT\"}]}<\/script>\n<!-- \/ Yoast SEO plugin. -->","yoast_head_json":{"title":"Cookie Policy - MedisparkWeb","robots":{"index":"index","follow":"follow","max-snippet":"max-snippet:-1","max-image-preview":"max-image-preview:large","max-video-preview":"max-video-preview:-1"},"canonical":"https:\/\/medisparkweb.com\/it\/cookie-policy\/","og_locale":"it_IT","og_type":"article","og_title":"Cookie Policy - MedisparkWeb","og_description":"Medispark OU (hereafter referred to as &#8220;Medispark,&#8221; &#8220;we,&#8221; &#8220;us,&#8221; or &#8220;our&#8221;) is committed to enhancing your experience on our Website. This Cookie Policy outlines how we use cookies and similar technologies to recognize you when you visit our Website at MedisparkWeb.com (the &#8220;Website&#8221;). Our company is registered in Estonia with the registration number 16981891, and [&hellip;]","og_url":"https:\/\/medisparkweb.com\/it\/cookie-policy\/","og_site_name":"MedisparkWeb","article_modified_time":"2024-06-27T16:05:09+00:00","twitter_card":"summary_large_image","twitter_misc":{"Tempo di lettura stimato":"3 minuti"},"schema":{"@context":"https:\/\/schema.org","@graph":[{"@type":"WebPage","@id":"https:\/\/medisparkweb.com\/cookie-policy\/","url":"https:\/\/medisparkweb.com\/cookie-policy\/","name":"Cookie Policy - MedisparkWeb","isPartOf":{"@id":"https:\/\/medisparkweb.com\/#website"},"datePublished":"2024-06-27T16:05:01+00:00","dateModified":"2024-06-27T16:05:09+00:00","breadcrumb":{"@id":"https:\/\/medisparkweb.com\/cookie-policy\/#breadcrumb"},"inLanguage":"it-IT","potentialAction":[{"@type":"ReadAction","target":["https:\/\/medisparkweb.com\/cookie-policy\/"]}]},{"@type":"BreadcrumbList","@id":"https:\/\/medisparkweb.com\/cookie-policy\/#breadcrumb","itemListElement":[{"@type":"ListItem","position":1,"name":"Home","item":"https:\/\/medisparkweb.com\/"},{"@type":"ListItem","position":2,"name":"Cookie Policy"}]},{"@type":"WebSite","@id":"https:\/\/medisparkweb.com\/#website","url":"https:\/\/medisparkweb.com\/","name":"MedisparkWeb","description":"","potentialAction":[{"@type":"SearchAction","target":{"@type":"EntryPoint","urlTemplate":"https:\/\/medisparkweb.com\/?s={search_term_string}"},"query-input":"required name=search_term_string"}],"inLanguage":"it-IT"}]}},"_links":{"self":[{"href":"https:\/\/medisparkweb.com\/it\/wp-json\/wp\/v2\/pages\/379","targetHints":{"allow":["GET"]}}],"collection":[{"href":"https:\/\/medisparkweb.com\/it\/wp-json\/wp\/v2\/pages"}],"about":[{"href":"https:\/\/medisparkweb.com\/it\/wp-json\/wp\/v2\/types\/page"}],"author":[{"embeddable":true,"href":"https:\/\/medisparkweb.com\/it\/wp-json\/wp\/v2\/users\/1"}],"replies":[{"embeddable":true,"href":"https:\/\/medisparkweb.com\/it\/wp-json\/wp\/v2\/comments?post=379"}],"version-history":[{"count":1,"href":"https:\/\/medisparkweb.com\/it\/wp-json\/wp\/v2\/pages\/379\/revisions"}],"predecessor-version":[{"id":380,"href":"https:\/\/medisparkweb.com\/it\/wp-json\/wp\/v2\/pages\/379\/revisions\/380"}],"wp:attachment":[{"href":"https:\/\/medisparkweb.com\/it\/wp-json\/wp\/v2\/media?parent=379"}],"curies":[{"name":"wp","href":"https:\/\/api.w.org\/{rel}","templated":true}]}}