{"id":375,"date":"2024-06-27T16:00:05","date_gmt":"2024-06-27T16:00:05","guid":{"rendered":"https:\/\/medisparkweb.com\/?page_id=375"},"modified":"2024-06-27T16:00:05","modified_gmt":"2024-06-27T16:00:05","slug":"privacy-policy","status":"publish","type":"page","link":"https:\/\/medisparkweb.com\/it\/privacy-policy\/","title":{"rendered":"Informativa sulla privacy"},"content":{"rendered":"<p>Medispark, gestito da Medispark OU (numero di registrazione: 16981891), si impegna a proteggere la privacy dei propri utenti. La presente Informativa sulla privacy spiega come Medispark raccoglie, utilizza, conserva e divulga le informazioni degli utenti (\"Utenti\") del sito web di Medispark (\"Sito\") e di tutti i prodotti e servizi correlati forniti da Medispark. Il nostro indirizzo legale \u00e8 Narva mnt 5-246, Tallinn, 10117, Estonia, e l'indirizzo del nostro ufficio \u00e8 Valukoja 8\/1, 11415 Tallinn, Estonia.<\/p>\n\n\n\n<h2 class=\"wp-block-heading\">Informazioni sull'identificazione personale<\/h2>\n\n\n\n<p>Medispark pu\u00f2 raccogliere informazioni di identificazione personale dagli utenti attraverso vari metodi, tra cui, a titolo esemplificativo, quando gli utenti visitano il nostro sito web, compilano moduli o partecipano ad altre attivit\u00e0, servizi, funzioni o risorse disponibili sul nostro sito web. Agli utenti potrebbero essere chiesti dettagli quali nome, indirizzo e-mail, numero di telefono e altre informazioni rilevanti. Raccogliamo informazioni di identificazione personale dagli utenti solo se questi le forniscono volontariamente. Gli utenti possono sempre scegliere di non fornire informazioni di identificazione personale, il che potrebbe impedire loro di usufruire dei servizi.<\/p>\n\n\n\n<h2 class=\"wp-block-heading\">Informazioni personali e materiali allegati<\/h2>\n\n\n\n<p>Tutte le informazioni fornite dal Cliente a Medispark, compresi i materiali dei prodotti, le informazioni personali e le specifiche del progetto (\"Materiale del Cliente\"), saranno mantenute riservate e rimarranno di propriet\u00e0 esclusiva del Cliente. Medispark Web si impegna a proteggere tutti i Materiali del Cliente e non li divulgher\u00e0 a terzi senza l'esplicito consenso scritto del Cliente. La violazione di questo accordo di riservatezza comporter\u00e0 un'adeguata azione disciplinare.<\/p>\n\n\n\n<h2 class=\"wp-block-heading\">Informazioni di identificazione non personali<\/h2>\n\n\n\n<p>Medispark pu\u00f2 raccogliere informazioni di identificazione non personali sugli utenti ogni volta che questi interagiscono con il nostro sito web. Questi dati possono includere il tipo di browser, il tipo di dispositivo e dettagli tecnici sul metodo di connessione dell'Utente al nostro sito web, come il sistema operativo e il provider di servizi Internet.<\/p>\n\n\n\n<h2 class=\"wp-block-heading\">Cookie del browser web<\/h2>\n\n\n\n<p>Medispark pu\u00f2 utilizzare i cookie per migliorare l'esperienza dell'Utente. I cookie sono piccoli file di dati inviati al browser dell'Utente da un server web e memorizzati sul disco rigido dell'Utente. Gli utenti possono impostare il proprio browser web in modo da rifiutare i cookie o da essere avvisati dell'invio dei cookie. Tuttavia, la disabilitazione dei cookie pu\u00f2 comportare il malfunzionamento di alcune parti del Sito.<\/p>\n\n\n\n<h2 class=\"wp-block-heading\">Google Analytics<\/h2>\n\n\n\n<p>Medispark utilizza Google Analytics per raccogliere dati sulle modalit\u00e0 di interazione degli utenti con il sito web, comprese le visite alle pagine e le attivit\u00e0 degli utenti. Queste informazioni sono utilizzate esclusivamente per migliorare le prestazioni del sito e l'esperienza degli utenti. Gli utenti possono impedire a Google Analytics di tracciare le loro visite disattivando i cookie nelle impostazioni del loro browser web.<\/p>\n\n\n\n<h2 class=\"wp-block-heading\">Come utilizziamo le informazioni raccolte<\/h2>\n\n\n\n<p>Medispark pu\u00f2 raccogliere e utilizzare i dati personali degli utenti per i seguenti scopi:<\/p>\n\n\n\n<ul class=\"wp-block-list\">\n<li>Migliorare l'esperienza dell'utente<\/li>\n\n\n\n<li>Migliorare la funzionalit\u00e0 del sito web<\/li>\n\n\n\n<li>Fornire assistenza ai clienti<\/li>\n\n\n\n<li>Invio di aggiornamenti e informazioni rilevanti<\/li>\n\n\n\n<li>Gestione di promozioni o sondaggi<\/li>\n<\/ul>\n\n\n\n<p>Medispark si impegna a proteggere le informazioni degli utenti e a mettere in atto misure adeguate per prevenire l'accesso, la divulgazione o la modifica non autorizzata delle informazioni personali.<\/p>\n\n\n\n<h2 class=\"wp-block-heading\">Condivisione delle informazioni personali<\/h2>\n\n\n\n<p>Medispark non vende, scambia o affitta a terzi le informazioni di identificazione personale degli utenti.<\/p>\n\n\n\n<h2 class=\"wp-block-heading\">Modifiche alla presente Informativa sulla privacy<\/h2>\n\n\n\n<p>Medispark si riserva il diritto di modificare o aggiornare la presente Informativa sulla privacy in qualsiasi momento. Incoraggiamo gli utenti a rivedere periodicamente questa informativa per essere informati su eventuali modifiche. Le modifiche significative saranno comunicate agli Utenti registrati tramite notifiche via e-mail.<\/p>\n\n\n\n<h2 class=\"wp-block-heading\">Il vostro consenso<\/h2>\n\n\n\n<p>Accedendo e utilizzando il sito web di Medispark, l'utente accetta i termini delineati nella presente Informativa sulla privacy. Se non si accettano questi termini, si prega di non utilizzare il nostro sito web.<\/p>\n\n\n\n<h2 class=\"wp-block-heading\">Informazioni di contatto<\/h2>\n\n\n\n<p>Per qualsiasi domanda, dubbio o problema relativo alla nostra Politica sulla privacy o alla funzionalit\u00e0 del sito web, contattateci all'indirizzo:<\/p>\n\n\n\n<ul class=\"wp-block-list\">\n<li>E-mail: <a href=\"mailto:info@medisparkweb.com\">info@medisparkweb.com<\/a><\/li>\n\n\n\n<li>Sito web: <a href=\"https:\/\/medisparkweb.com\/it\/\">medisparkweb.com<\/a><\/li>\n\n\n\n<li>Telefono: <a href=\"tel: 3726682564\">+3726682564<\/a><\/li>\n<\/ul>\n\n\n\n<p>Ci impegniamo a rispondere alle vostre richieste in modo tempestivo ed efficace.<\/p>","protected":false},"excerpt":{"rendered":"<p>Medispark, operated by Medispark OU (registered number: 16981891), is committed to protecting the privacy of its users. This Privacy Policy explains how Medispark collects, uses, maintains, and discloses information from users (&#8220;Users&#8221;) of the Medispark website (&#8220;Website&#8221;) and any related products and services provided by Medispark. Our registered address is Narva mnt 5-246, Tallinn, 10117, [&hellip;]<\/p>","protected":false},"author":1,"featured_media":0,"parent":0,"menu_order":0,"comment_status":"closed","ping_status":"closed","template":"template-pages\/policy.php","meta":{"_acf_changed":false,"inline_featured_image":false,"footnotes":""},"class_list":["post-375","page","type-page","status-publish","hentry"],"acf":[],"yoast_head":"<!-- This site is optimized with the Yoast SEO plugin v22.8 - https:\/\/yoast.com\/wordpress\/plugins\/seo\/ -->\n<title>Privacy policy - MedisparkWeb<\/title>\n<meta name=\"robots\" content=\"index, follow, max-snippet:-1, max-image-preview:large, max-video-preview:-1\" \/>\n<link rel=\"canonical\" href=\"https:\/\/medisparkweb.com\/it\/privacy-policy\/\" \/>\n<meta property=\"og:locale\" content=\"it_IT\" \/>\n<meta property=\"og:type\" content=\"article\" \/>\n<meta property=\"og:title\" content=\"Privacy policy - MedisparkWeb\" \/>\n<meta property=\"og:description\" content=\"Medispark, operated by Medispark OU (registered number: 16981891), is committed to protecting the privacy of its users. This Privacy Policy explains how Medispark collects, uses, maintains, and discloses information from users (&#8220;Users&#8221;) of the Medispark website (&#8220;Website&#8221;) and any related products and services provided by Medispark. Our registered address is Narva mnt 5-246, Tallinn, 10117, [&hellip;]\" \/>\n<meta property=\"og:url\" content=\"https:\/\/medisparkweb.com\/it\/privacy-policy\/\" \/>\n<meta property=\"og:site_name\" content=\"MedisparkWeb\" \/>\n<meta name=\"twitter:card\" content=\"summary_large_image\" \/>\n<meta name=\"twitter:label1\" content=\"Tempo di lettura stimato\" \/>\n\t<meta name=\"twitter:data1\" content=\"3 minuti\" \/>\n<script type=\"application\/ld+json\" class=\"yoast-schema-graph\">{\"@context\":\"https:\/\/schema.org\",\"@graph\":[{\"@type\":\"WebPage\",\"@id\":\"https:\/\/medisparkweb.com\/privacy-policy\/\",\"url\":\"https:\/\/medisparkweb.com\/privacy-policy\/\",\"name\":\"Privacy policy - MedisparkWeb\",\"isPartOf\":{\"@id\":\"https:\/\/medisparkweb.com\/#website\"},\"datePublished\":\"2024-06-27T16:00:05+00:00\",\"dateModified\":\"2024-06-27T16:00:05+00:00\",\"breadcrumb\":{\"@id\":\"https:\/\/medisparkweb.com\/privacy-policy\/#breadcrumb\"},\"inLanguage\":\"it-IT\",\"potentialAction\":[{\"@type\":\"ReadAction\",\"target\":[\"https:\/\/medisparkweb.com\/privacy-policy\/\"]}]},{\"@type\":\"BreadcrumbList\",\"@id\":\"https:\/\/medisparkweb.com\/privacy-policy\/#breadcrumb\",\"itemListElement\":[{\"@type\":\"ListItem\",\"position\":1,\"name\":\"Home\",\"item\":\"https:\/\/medisparkweb.com\/\"},{\"@type\":\"ListItem\",\"position\":2,\"name\":\"Privacy policy\"}]},{\"@type\":\"WebSite\",\"@id\":\"https:\/\/medisparkweb.com\/#website\",\"url\":\"https:\/\/medisparkweb.com\/\",\"name\":\"MedisparkWeb\",\"description\":\"\",\"potentialAction\":[{\"@type\":\"SearchAction\",\"target\":{\"@type\":\"EntryPoint\",\"urlTemplate\":\"https:\/\/medisparkweb.com\/?s={search_term_string}\"},\"query-input\":\"required name=search_term_string\"}],\"inLanguage\":\"it-IT\"}]}<\/script>\n<!-- \/ Yoast SEO plugin. -->","yoast_head_json":{"title":"Privacy policy - MedisparkWeb","robots":{"index":"index","follow":"follow","max-snippet":"max-snippet:-1","max-image-preview":"max-image-preview:large","max-video-preview":"max-video-preview:-1"},"canonical":"https:\/\/medisparkweb.com\/it\/privacy-policy\/","og_locale":"it_IT","og_type":"article","og_title":"Privacy policy - MedisparkWeb","og_description":"Medispark, operated by Medispark OU (registered number: 16981891), is committed to protecting the privacy of its users. This Privacy Policy explains how Medispark collects, uses, maintains, and discloses information from users (&#8220;Users&#8221;) of the Medispark website (&#8220;Website&#8221;) and any related products and services provided by Medispark. Our registered address is Narva mnt 5-246, Tallinn, 10117, [&hellip;]","og_url":"https:\/\/medisparkweb.com\/it\/privacy-policy\/","og_site_name":"MedisparkWeb","twitter_card":"summary_large_image","twitter_misc":{"Tempo di lettura stimato":"3 minuti"},"schema":{"@context":"https:\/\/schema.org","@graph":[{"@type":"WebPage","@id":"https:\/\/medisparkweb.com\/privacy-policy\/","url":"https:\/\/medisparkweb.com\/privacy-policy\/","name":"Privacy policy - MedisparkWeb","isPartOf":{"@id":"https:\/\/medisparkweb.com\/#website"},"datePublished":"2024-06-27T16:00:05+00:00","dateModified":"2024-06-27T16:00:05+00:00","breadcrumb":{"@id":"https:\/\/medisparkweb.com\/privacy-policy\/#breadcrumb"},"inLanguage":"it-IT","potentialAction":[{"@type":"ReadAction","target":["https:\/\/medisparkweb.com\/privacy-policy\/"]}]},{"@type":"BreadcrumbList","@id":"https:\/\/medisparkweb.com\/privacy-policy\/#breadcrumb","itemListElement":[{"@type":"ListItem","position":1,"name":"Home","item":"https:\/\/medisparkweb.com\/"},{"@type":"ListItem","position":2,"name":"Privacy policy"}]},{"@type":"WebSite","@id":"https:\/\/medisparkweb.com\/#website","url":"https:\/\/medisparkweb.com\/","name":"MedisparkWeb","description":"","potentialAction":[{"@type":"SearchAction","target":{"@type":"EntryPoint","urlTemplate":"https:\/\/medisparkweb.com\/?s={search_term_string}"},"query-input":"required name=search_term_string"}],"inLanguage":"it-IT"}]}},"_links":{"self":[{"href":"https:\/\/medisparkweb.com\/it\/wp-json\/wp\/v2\/pages\/375","targetHints":{"allow":["GET"]}}],"collection":[{"href":"https:\/\/medisparkweb.com\/it\/wp-json\/wp\/v2\/pages"}],"about":[{"href":"https:\/\/medisparkweb.com\/it\/wp-json\/wp\/v2\/types\/page"}],"author":[{"embeddable":true,"href":"https:\/\/medisparkweb.com\/it\/wp-json\/wp\/v2\/users\/1"}],"replies":[{"embeddable":true,"href":"https:\/\/medisparkweb.com\/it\/wp-json\/wp\/v2\/comments?post=375"}],"version-history":[{"count":1,"href":"https:\/\/medisparkweb.com\/it\/wp-json\/wp\/v2\/pages\/375\/revisions"}],"predecessor-version":[{"id":376,"href":"https:\/\/medisparkweb.com\/it\/wp-json\/wp\/v2\/pages\/375\/revisions\/376"}],"wp:attachment":[{"href":"https:\/\/medisparkweb.com\/it\/wp-json\/wp\/v2\/media?parent=375"}],"curies":[{"name":"wp","href":"https:\/\/api.w.org\/{rel}","templated":true}]}}