{"id":381,"date":"2024-06-27T16:06:18","date_gmt":"2024-06-27T16:06:18","guid":{"rendered":"https:\/\/medisparkweb.com\/?page_id=381"},"modified":"2024-06-27T16:06:18","modified_gmt":"2024-06-27T16:06:18","slug":"refund-policy","status":"publish","type":"page","link":"https:\/\/medisparkweb.com\/et\/refund-policy\/","title":{"rendered":"Tagastamispoliitika"},"content":{"rendered":"<p>Medispark OU (edaspidi \"Medispark\", \"me\", \"meid\" v\u00f5i \"meie\") on p\u00fchendunud tipptasemel hosting- ja veebiarendusteenuste pakkumisele. Meie ettev\u00f5te on registreeritud Eestis registreerimisnumbriga 16981891 ja meie registreeritud aadress on Narva mnt 5-246, Tallinn, 10117, Eesti. Meie kontori aadress on Valukoja 8\/1, 11415 Tallinn, Eesti. K\u00e4esolev tagasimaksete poliitika kirjeldab asjaolusid, mille korral v\u00f5ib tagasimakseid teha, ja tagasimaksete taotlemise protsessi.<\/p>\n\n\n\n<h2 class=\"wp-block-heading\">Tagasimakseid ei tehta<\/h2>\n\n\n\n<p>Kui olete n\u00f5ustunud meie teenustega ja tasunud arve, ei anna me raha tagasi. See poliitika kehtib k\u00f5igi Medisparki poolt ostetud teenuste kohta.<\/p>\n\n\n\n<h2 class=\"wp-block-heading\">Erandid tehniliste vigade korral<\/h2>\n\n\n\n<p>Me tunnistame, et m\u00f5nikord v\u00f5ivad tekkida tehnilised probleemid. Tehnilistest vigadest tingitud maksevigade korral v\u00f5idakse kaaluda tagasimakset. Need juhtumid h\u00f5lmavad muu hulgas j\u00e4rgmist:<\/p>\n\n\n\n<ol class=\"wp-block-list\">\n<li><strong>Duplikaat makse<\/strong>: Te tasusite sama arve v\u00f5i sama teenuse eest kaks korda.<\/li>\n\n\n\n<li><strong>Makse eba\u00f5nnestumise teade<\/strong>: Saite teate, et makse eba\u00f5nnestus, kuid seda t\u00f6\u00f6deldi edukalt, mille tulemuseks on topeltmaksed. Selleks on vaja dokumenteeritud t\u00f5endeid teie pangast, mis n\u00e4itavad, et sama makse on teie kontolt v\u00f5i krediitkaardilt kaks korda maha v\u00f5etud.<\/li>\n\n\n\n<li><strong>Muud tehnilised maksevigad<\/strong>: K\u00f5ik kontrollitud tehnilised probleemid, mis p\u00f5hjustasid mitmekordseid tasusid v\u00f5i ekslikke makseid.<\/li>\n<\/ol>\n\n\n\n<h2 class=\"wp-block-heading\">Fondide taaskasutamine<\/h2>\n\n\n\n<p>Enne tagasimakse tegemist v\u00f5ime pakkuda alternatiive teie vahendite \u00fcmberpaigutamiseks. Nende v\u00f5imaluste hulka kuuluvad:<\/p>\n\n\n\n<ul class=\"wp-block-list\">\n<li><strong>Valitud teenuste optimeerimine<\/strong>: Teie valitud teenuste kohandamine, et katta enammakse.<\/li>\n\n\n\n<li><strong>Teenuse tingimuste pikendamine<\/strong>: Teenuse kestuse pikendamine (nt 2-aastase majutuse pakkumine 1 aasta asemel).<\/li>\n\n\n\n<li><strong>T\u00e4iendavad profiteenused<\/strong>: Veebiarendusega seotud professionaalsete lisateenuste pakkumine koos allahindlusega, et pakkuda suurema v\u00e4\u00e4rtusega kompensatsiooni tehniliste vigade eest.<\/li>\n<\/ul>\n\n\n\n<h2 class=\"wp-block-heading\">Tagasimakse taotlemine<\/h2>\n\n\n\n<p>Tehnilise vea t\u00f5ttu tagasimakse taotlemiseks j\u00e4rgige j\u00e4rgmisi samme:<\/p>\n\n\n\n<ol class=\"wp-block-list\">\n<li><strong>Taotluse esitamine<\/strong>: Saatke e-kiri aadressil info@medisparkweb.com.<\/li>\n\n\n\n<li><strong>Dokumentatsiooni esitamine<\/strong>: Lisage dokumenteeritud t\u00f5end oma pangast, mis n\u00e4itab makse \u00fcksikasju ja mis tahes topeltkulusid.<\/li>\n\n\n\n<li><strong>Maksmise \u00fcksikasjad<\/strong>: Esitage kogu asjakohane makseteave, sealhulgas makseviis, kuup\u00e4ev, kellaaeg, summa ja v\u00f5imalikud tehingu tunnused.<\/li>\n<\/ol>\n\n\n\n<p>Meie meeskond vaatab teie taotluse ja dokumendid l\u00e4bi, et teha kindlaks, kas teil on \u00f5igus saada h\u00fcvitist v\u00f5i alternatiivset h\u00fcvitist.<\/p>\n\n\n\n<h2 class=\"wp-block-heading\">V\u00f5tke meiega \u00fchendust<\/h2>\n\n\n\n<p>Kui teil on k\u00fcsimusi v\u00f5i muresid seoses k\u00e4esoleva tagasimaksepoliitikaga, v\u00f5tke meiega \u00fchendust aadressil:<\/p>\n\n\n\n<ul class=\"wp-block-list\">\n<li>E-post: <a href=\"mailto:info@medisparkweb.com\">info@medisparkweb.com<\/a><\/li>\n\n\n\n<li>Veebileht: <a href=\"https:\/\/medisparkweb.com\/et\/\">medisparkweb.com<\/a><\/li>\n\n\n\n<li>Telefon: <a href=\"tel: 3726682564\">+3726682564<\/a><\/li>\n<\/ul>\n\n\n\n<p>Oleme p\u00fchendunud probleemide kiirele ja t\u00f5husale lahendamisele, tagades teie rahulolu teenusega.<\/p>","protected":false},"excerpt":{"rendered":"<p>Medispark OU (edaspidi \"Medispark\", \"me\", \"meid\" v\u00f5i \"meie\") on p\u00fchendunud tipptasemel hosting- ja veebiarendusteenuste pakkumisele. Meie ettev\u00f5te on registreeritud Eestis registreerimisnumbriga 16981891 ja meie registreeritud aadress on Narva mnt 5-246, Tallinn, 10117, Eesti. Meie kontori aadress on Valukoja 8\/1, 11415 Tallinn, Eesti. K\u00e4esolev tagasimaksepoliitika [...]<\/p>","protected":false},"author":1,"featured_media":0,"parent":0,"menu_order":0,"comment_status":"closed","ping_status":"closed","template":"template-pages\/policy.php","meta":{"_acf_changed":false,"inline_featured_image":false,"footnotes":""},"class_list":["post-381","page","type-page","status-publish","hentry"],"acf":[],"yoast_head":"<!-- This site is optimized with the Yoast SEO plugin v22.8 - https:\/\/yoast.com\/wordpress\/plugins\/seo\/ -->\n<title>Refund Policy - MedisparkWeb<\/title>\n<meta name=\"robots\" content=\"index, follow, max-snippet:-1, max-image-preview:large, max-video-preview:-1\" \/>\n<link rel=\"canonical\" href=\"https:\/\/medisparkweb.com\/et\/refund-policy\/\" \/>\n<meta property=\"og:locale\" content=\"et_EE\" \/>\n<meta property=\"og:type\" content=\"article\" \/>\n<meta property=\"og:title\" content=\"Refund Policy - MedisparkWeb\" \/>\n<meta property=\"og:description\" content=\"Medispark OU (hereafter referred to as &#8220;Medispark,&#8221; &#8220;we,&#8221; &#8220;us,&#8221; or &#8220;our&#8221;) is dedicated to providing top-notch hosting and web development services. Our company is registered in Estonia with the registration number 16981891, and our registered address is Narva mnt 5-246, Tallinn, 10117, Estonia. Our office address is Valukoja 8\/1, 11415 Tallinn, Estonia. This Refund Policy [&hellip;]\" \/>\n<meta property=\"og:url\" content=\"https:\/\/medisparkweb.com\/et\/refund-policy\/\" \/>\n<meta property=\"og:site_name\" content=\"MedisparkWeb\" \/>\n<meta name=\"twitter:card\" content=\"summary_large_image\" \/>\n<meta name=\"twitter:label1\" content=\"Est. reading time\" \/>\n\t<meta name=\"twitter:data1\" content=\"2 minutit\" \/>\n<script type=\"application\/ld+json\" class=\"yoast-schema-graph\">{\"@context\":\"https:\/\/schema.org\",\"@graph\":[{\"@type\":\"WebPage\",\"@id\":\"https:\/\/medisparkweb.com\/refund-policy\/\",\"url\":\"https:\/\/medisparkweb.com\/refund-policy\/\",\"name\":\"Refund Policy - MedisparkWeb\",\"isPartOf\":{\"@id\":\"https:\/\/medisparkweb.com\/#website\"},\"datePublished\":\"2024-06-27T16:06:18+00:00\",\"dateModified\":\"2024-06-27T16:06:18+00:00\",\"breadcrumb\":{\"@id\":\"https:\/\/medisparkweb.com\/refund-policy\/#breadcrumb\"},\"inLanguage\":\"et\",\"potentialAction\":[{\"@type\":\"ReadAction\",\"target\":[\"https:\/\/medisparkweb.com\/refund-policy\/\"]}]},{\"@type\":\"BreadcrumbList\",\"@id\":\"https:\/\/medisparkweb.com\/refund-policy\/#breadcrumb\",\"itemListElement\":[{\"@type\":\"ListItem\",\"position\":1,\"name\":\"Home\",\"item\":\"https:\/\/medisparkweb.com\/\"},{\"@type\":\"ListItem\",\"position\":2,\"name\":\"Refund Policy\"}]},{\"@type\":\"WebSite\",\"@id\":\"https:\/\/medisparkweb.com\/#website\",\"url\":\"https:\/\/medisparkweb.com\/\",\"name\":\"MedisparkWeb\",\"description\":\"\",\"potentialAction\":[{\"@type\":\"SearchAction\",\"target\":{\"@type\":\"EntryPoint\",\"urlTemplate\":\"https:\/\/medisparkweb.com\/?s={search_term_string}\"},\"query-input\":\"required name=search_term_string\"}],\"inLanguage\":\"et\"}]}<\/script>\n<!-- \/ Yoast SEO plugin. -->","yoast_head_json":{"title":"Refund Policy - MedisparkWeb","robots":{"index":"index","follow":"follow","max-snippet":"max-snippet:-1","max-image-preview":"max-image-preview:large","max-video-preview":"max-video-preview:-1"},"canonical":"https:\/\/medisparkweb.com\/et\/refund-policy\/","og_locale":"et_EE","og_type":"article","og_title":"Refund Policy - MedisparkWeb","og_description":"Medispark OU (hereafter referred to as &#8220;Medispark,&#8221; &#8220;we,&#8221; &#8220;us,&#8221; or &#8220;our&#8221;) is dedicated to providing top-notch hosting and web development services. Our company is registered in Estonia with the registration number 16981891, and our registered address is Narva mnt 5-246, Tallinn, 10117, Estonia. Our office address is Valukoja 8\/1, 11415 Tallinn, Estonia. This Refund Policy [&hellip;]","og_url":"https:\/\/medisparkweb.com\/et\/refund-policy\/","og_site_name":"MedisparkWeb","twitter_card":"summary_large_image","twitter_misc":{"Est. reading time":"2 minutit"},"schema":{"@context":"https:\/\/schema.org","@graph":[{"@type":"WebPage","@id":"https:\/\/medisparkweb.com\/refund-policy\/","url":"https:\/\/medisparkweb.com\/refund-policy\/","name":"Refund Policy - MedisparkWeb","isPartOf":{"@id":"https:\/\/medisparkweb.com\/#website"},"datePublished":"2024-06-27T16:06:18+00:00","dateModified":"2024-06-27T16:06:18+00:00","breadcrumb":{"@id":"https:\/\/medisparkweb.com\/refund-policy\/#breadcrumb"},"inLanguage":"et","potentialAction":[{"@type":"ReadAction","target":["https:\/\/medisparkweb.com\/refund-policy\/"]}]},{"@type":"BreadcrumbList","@id":"https:\/\/medisparkweb.com\/refund-policy\/#breadcrumb","itemListElement":[{"@type":"ListItem","position":1,"name":"Home","item":"https:\/\/medisparkweb.com\/"},{"@type":"ListItem","position":2,"name":"Refund Policy"}]},{"@type":"WebSite","@id":"https:\/\/medisparkweb.com\/#website","url":"https:\/\/medisparkweb.com\/","name":"MedisparkWeb","description":"","potentialAction":[{"@type":"SearchAction","target":{"@type":"EntryPoint","urlTemplate":"https:\/\/medisparkweb.com\/?s={search_term_string}"},"query-input":"required name=search_term_string"}],"inLanguage":"et"}]}},"_links":{"self":[{"href":"https:\/\/medisparkweb.com\/et\/wp-json\/wp\/v2\/pages\/381","targetHints":{"allow":["GET"]}}],"collection":[{"href":"https:\/\/medisparkweb.com\/et\/wp-json\/wp\/v2\/pages"}],"about":[{"href":"https:\/\/medisparkweb.com\/et\/wp-json\/wp\/v2\/types\/page"}],"author":[{"embeddable":true,"href":"https:\/\/medisparkweb.com\/et\/wp-json\/wp\/v2\/users\/1"}],"replies":[{"embeddable":true,"href":"https:\/\/medisparkweb.com\/et\/wp-json\/wp\/v2\/comments?post=381"}],"version-history":[{"count":1,"href":"https:\/\/medisparkweb.com\/et\/wp-json\/wp\/v2\/pages\/381\/revisions"}],"predecessor-version":[{"id":382,"href":"https:\/\/medisparkweb.com\/et\/wp-json\/wp\/v2\/pages\/381\/revisions\/382"}],"wp:attachment":[{"href":"https:\/\/medisparkweb.com\/et\/wp-json\/wp\/v2\/media?parent=381"}],"curies":[{"name":"wp","href":"https:\/\/api.w.org\/{rel}","templated":true}]}}