{"id":379,"date":"2024-06-27T16:05:01","date_gmt":"2024-06-27T16:05:01","guid":{"rendered":"https:\/\/medisparkweb.com\/?page_id=379"},"modified":"2024-06-27T16:05:09","modified_gmt":"2024-06-27T16:05:09","slug":"cookie-policy","status":"publish","type":"page","link":"https:\/\/medisparkweb.com\/et\/cookie-policy\/","title":{"rendered":"K\u00fcpsiste poliitika"},"content":{"rendered":"<p>Medispark OU (edaspidi \"Medispark\", \"meie\", \"meid\" v\u00f5i \"meie\") on p\u00fchendunud teie kogemuse parandamisele meie veebisaidil. K\u00e4esolev k\u00fcpsiste poliitika kirjeldab, kuidas me kasutame k\u00fcpsiseid ja sarnaseid tehnoloogiaid, et teid \u00e4ra tunda, kui k\u00fclastate meie veebisaiti aadressil MedisparkWeb.com (edaspidi \"veebisait\"). Meie ettev\u00f5te on registreeritud Eestis registreerimisnumbriga 16981891 ja meie registreeritud aadress on Narva mnt 5-246, Tallinn, 10117, Eesti. Meie kontori aadress on Valukoja 8\/1, 11415 Tallinn, Eesti.<\/p>\n\n\n\n<h2 class=\"wp-block-heading\">Mis on k\u00fcpsised?<\/h2>\n\n\n\n<p>K\u00fcpsised on v\u00e4ikesed andmefailid, mis paigutatakse teie seadmesse, kui k\u00fclastate veebisaiti. Neid kasutatakse laialdaselt selleks, et muuta veebisaitide t\u00f6\u00f6d t\u00f5husamaks ja anda veebisaidi omanikele teavet. K\u00fcpsised v\u00f5imaldavad meil parandada teie kasutuskogemust, kohandada sisu vastavalt teie eelistustele ja parandada meie teenuseid.<\/p>\n\n\n\n<h2 class=\"wp-block-heading\">Meie poolt kasutatavate k\u00fcpsiste t\u00fc\u00fcbid<\/h2>\n\n\n\n<ol class=\"wp-block-list\">\n<li><strong>Olulised k\u00fcpsised<\/strong>: Need k\u00fcpsised on vajalikud veebilehe n\u00f5uetekohaseks toimimiseks. Ilma nende k\u00fcpsisteta ei toimiks meie veebisaidi m\u00f5ned osad.<\/li>\n\n\n\n<li><strong>Tulemuslikkuse ja anal\u00fc\u00fcsi k\u00fcpsised<\/strong>: Need k\u00fcpsised aitavad meil m\u00f5ista, kuidas te meie veebisaidiga suhtlete, kogudes ja edastades teavet anon\u00fc\u00fcmselt. Need v\u00f5imaldavad meil m\u00f5\u00f5ta ja parandada meie veebilehe toimivust.<\/li>\n\n\n\n<li><strong>Funktsionaalsus K\u00fcpsised<\/strong>: Need k\u00fcpsised v\u00f5imaldavad meie veebisaidil meeles pidada teie tehtud valikuid (n\u00e4iteks teie kasutajanimi, keel v\u00f5i piirkond, kus te viibite) ja pakkuda t\u00e4iustatud, isiklikumaid funktsioone.<\/li>\n\n\n\n<li><strong>Reklaam ja sihtotstarbelised k\u00fcpsised<\/strong>: Need k\u00fcpsised edastavad teile ja teie huvidele vastavat reklaami. Samuti piiravad need, mitu korda te reklaami n\u00e4ete, ja aitavad m\u00f5\u00f5ta reklaamikampaania t\u00f5husust.<\/li>\n<\/ol>\n\n\n\n<h2 class=\"wp-block-heading\">Kuidas me kasutame k\u00fcpsiseid<\/h2>\n\n\n\n<p>Me kasutame k\u00fcpsiseid, et:<\/p>\n\n\n\n<ul class=\"wp-block-list\">\n<li>Veenduge, et veebisait toimiks n\u00f5uetekohaselt.<\/li>\n\n\n\n<li>Pidage meeles oma eelistusi ja seadeid.<\/li>\n\n\n\n<li>m\u00f5ista, kuidas k\u00fclastajad meie veebisaiti kasutavad, ja parandada selle toimivust.<\/li>\n\n\n\n<li>Paku personaliseeritud sisu ja reklaami.<\/li>\n\n\n\n<li>Anal\u00fc\u00fcsi- ja uurimistegevuse l\u00e4biviimine meie teenuste parandamiseks.<\/li>\n<\/ul>\n\n\n\n<h2 class=\"wp-block-heading\">Teie n\u00f5usolek<\/h2>\n\n\n\n<p>Kasutades meie veebisaiti, n\u00f5ustute k\u00fcpsiste kasutamisega, nagu on kirjeldatud k\u00e4esolevas k\u00fcpsiste poliitikas. Kui k\u00fclastate esimest korda meie veebisaiti, n\u00e4ete k\u00fcpsiste teadet, mis v\u00f5imaldab teil hallata oma k\u00fcpsiste eelistusi.<\/p>\n\n\n\n<h2 class=\"wp-block-heading\">Teie k\u00fcpsiste eelistuste haldamine<\/h2>\n\n\n\n<p>Teil on \u00f5igus otsustada, kas n\u00f5ustute k\u00fcpsiste kasutamisega v\u00f5i l\u00fckkate need tagasi. Te v\u00f5ite seadistada oma veebilehitseja nii, et see keeldub k\u00fcpsiste saatmisest v\u00f5i hoiatab teid k\u00fcpsiste saatmise korral. Kui te siiski otsustate k\u00fcpsised v\u00e4lja l\u00fclitada, ei pruugi m\u00f5ned meie veebisaidi funktsioonid korralikult toimida.<\/p>\n\n\n\n<h2 class=\"wp-block-heading\">Kolmanda osapoole k\u00fcpsised<\/h2>\n\n\n\n<p>Lisaks meie enda k\u00fcpsistele v\u00f5ime kasutada ka mitmesuguseid kolmanda osapoole k\u00fcpsiseid, et esitada veebisaidi kasutamisstatistikat ja edastada reklaami veebisaidil ja selle kaudu. Nende kolmandate osapoolte k\u00fcpsiste suhtes kehtivad kolmandate osapoolte vastavad privaatsuspoliitikad.<\/p>\n\n\n\n<h2 class=\"wp-block-heading\">Muudatused selles k\u00fcpsiste poliitikas<\/h2>\n\n\n\n<p>Medispark j\u00e4tab endale \u00f5iguse k\u00e4esolevat k\u00fcpsiste poliitikat igal ajal ajakohastada v\u00f5i muuta. Soovitame teil seda poliitikat regulaarselt l\u00e4bi vaadata, et olla kursis sellega, kuidas me k\u00fcpsiseid kasutame. K\u00f5ikidest olulistest muudatustest teavitatakse registreeritud kasutajaid e-posti teel.<\/p>\n\n\n\n<h2 class=\"wp-block-heading\">V\u00f5tke meiega \u00fchendust<\/h2>\n\n\n\n<p>Kui teil on k\u00fcsimusi v\u00f5i muresid meie k\u00fcpsiste kasutamise kohta, v\u00f5tke meiega \u00fchendust aadressil:<\/p>\n\n\n\n<ul class=\"wp-block-list\">\n<li>E-post: <a href=\"mailto:support@medisparkweb.com\">support@medisparkweb.com<\/a><\/li>\n\n\n\n<li>Veebileht: <a href=\"https:\/\/medisparkweb.com\/et\/contact-us\/\">medisparkweb.com\/contact-us<\/a><\/li>\n\n\n\n<li>Telefon: <a href=\"tel: 3726682564\">+3726682564<\/a><\/li>\n<\/ul>\n\n\n\n<p>J\u00e4tkates meie veebisaidi kasutamist, n\u00f5ustute k\u00e4esoleva k\u00fcpsiste poliitika tingimustega.<\/p>","protected":false},"excerpt":{"rendered":"<p>Medispark OU (edaspidi \"Medispark\", \"meie\", \"meid\" v\u00f5i \"meie\") on p\u00fchendunud teie kogemuse parandamisele meie veebisaidil. K\u00e4esolev k\u00fcpsiste poliitika kirjeldab, kuidas me kasutame k\u00fcpsiseid ja sarnaseid tehnoloogiaid, et teid \u00e4ra tunda, kui k\u00fclastate meie veebisaiti aadressil MedisparkWeb.com (edaspidi \"veebisait\"). Meie ettev\u00f5te on registreeritud Eestis registreerimisnumbriga 16981891 ja [...]<\/p>","protected":false},"author":1,"featured_media":0,"parent":0,"menu_order":0,"comment_status":"closed","ping_status":"closed","template":"template-pages\/policy.php","meta":{"_acf_changed":false,"inline_featured_image":false,"footnotes":""},"class_list":["post-379","page","type-page","status-publish","hentry"],"acf":[],"yoast_head":"<!-- This site is optimized with the Yoast SEO plugin v22.8 - https:\/\/yoast.com\/wordpress\/plugins\/seo\/ -->\n<title>Cookie Policy - MedisparkWeb<\/title>\n<meta name=\"robots\" content=\"index, follow, max-snippet:-1, max-image-preview:large, max-video-preview:-1\" \/>\n<link rel=\"canonical\" href=\"https:\/\/medisparkweb.com\/et\/cookie-policy\/\" \/>\n<meta property=\"og:locale\" content=\"et_EE\" \/>\n<meta property=\"og:type\" content=\"article\" \/>\n<meta property=\"og:title\" content=\"Cookie Policy - MedisparkWeb\" \/>\n<meta property=\"og:description\" content=\"Medispark OU (hereafter referred to as &#8220;Medispark,&#8221; &#8220;we,&#8221; &#8220;us,&#8221; or &#8220;our&#8221;) is committed to enhancing your experience on our Website. This Cookie Policy outlines how we use cookies and similar technologies to recognize you when you visit our Website at MedisparkWeb.com (the &#8220;Website&#8221;). Our company is registered in Estonia with the registration number 16981891, and [&hellip;]\" \/>\n<meta property=\"og:url\" content=\"https:\/\/medisparkweb.com\/et\/cookie-policy\/\" \/>\n<meta property=\"og:site_name\" content=\"MedisparkWeb\" \/>\n<meta property=\"article:modified_time\" content=\"2024-06-27T16:05:09+00:00\" \/>\n<meta name=\"twitter:card\" content=\"summary_large_image\" \/>\n<meta name=\"twitter:label1\" content=\"Est. reading time\" \/>\n\t<meta name=\"twitter:data1\" content=\"3 minutit\" \/>\n<script type=\"application\/ld+json\" class=\"yoast-schema-graph\">{\"@context\":\"https:\/\/schema.org\",\"@graph\":[{\"@type\":\"WebPage\",\"@id\":\"https:\/\/medisparkweb.com\/cookie-policy\/\",\"url\":\"https:\/\/medisparkweb.com\/cookie-policy\/\",\"name\":\"Cookie Policy - MedisparkWeb\",\"isPartOf\":{\"@id\":\"https:\/\/medisparkweb.com\/#website\"},\"datePublished\":\"2024-06-27T16:05:01+00:00\",\"dateModified\":\"2024-06-27T16:05:09+00:00\",\"breadcrumb\":{\"@id\":\"https:\/\/medisparkweb.com\/cookie-policy\/#breadcrumb\"},\"inLanguage\":\"et\",\"potentialAction\":[{\"@type\":\"ReadAction\",\"target\":[\"https:\/\/medisparkweb.com\/cookie-policy\/\"]}]},{\"@type\":\"BreadcrumbList\",\"@id\":\"https:\/\/medisparkweb.com\/cookie-policy\/#breadcrumb\",\"itemListElement\":[{\"@type\":\"ListItem\",\"position\":1,\"name\":\"Home\",\"item\":\"https:\/\/medisparkweb.com\/\"},{\"@type\":\"ListItem\",\"position\":2,\"name\":\"Cookie Policy\"}]},{\"@type\":\"WebSite\",\"@id\":\"https:\/\/medisparkweb.com\/#website\",\"url\":\"https:\/\/medisparkweb.com\/\",\"name\":\"MedisparkWeb\",\"description\":\"\",\"potentialAction\":[{\"@type\":\"SearchAction\",\"target\":{\"@type\":\"EntryPoint\",\"urlTemplate\":\"https:\/\/medisparkweb.com\/?s={search_term_string}\"},\"query-input\":\"required name=search_term_string\"}],\"inLanguage\":\"et\"}]}<\/script>\n<!-- \/ Yoast SEO plugin. -->","yoast_head_json":{"title":"Cookie Policy - MedisparkWeb","robots":{"index":"index","follow":"follow","max-snippet":"max-snippet:-1","max-image-preview":"max-image-preview:large","max-video-preview":"max-video-preview:-1"},"canonical":"https:\/\/medisparkweb.com\/et\/cookie-policy\/","og_locale":"et_EE","og_type":"article","og_title":"Cookie Policy - MedisparkWeb","og_description":"Medispark OU (hereafter referred to as &#8220;Medispark,&#8221; &#8220;we,&#8221; &#8220;us,&#8221; or &#8220;our&#8221;) is committed to enhancing your experience on our Website. This Cookie Policy outlines how we use cookies and similar technologies to recognize you when you visit our Website at MedisparkWeb.com (the &#8220;Website&#8221;). Our company is registered in Estonia with the registration number 16981891, and [&hellip;]","og_url":"https:\/\/medisparkweb.com\/et\/cookie-policy\/","og_site_name":"MedisparkWeb","article_modified_time":"2024-06-27T16:05:09+00:00","twitter_card":"summary_large_image","twitter_misc":{"Est. reading time":"3 minutit"},"schema":{"@context":"https:\/\/schema.org","@graph":[{"@type":"WebPage","@id":"https:\/\/medisparkweb.com\/cookie-policy\/","url":"https:\/\/medisparkweb.com\/cookie-policy\/","name":"Cookie Policy - MedisparkWeb","isPartOf":{"@id":"https:\/\/medisparkweb.com\/#website"},"datePublished":"2024-06-27T16:05:01+00:00","dateModified":"2024-06-27T16:05:09+00:00","breadcrumb":{"@id":"https:\/\/medisparkweb.com\/cookie-policy\/#breadcrumb"},"inLanguage":"et","potentialAction":[{"@type":"ReadAction","target":["https:\/\/medisparkweb.com\/cookie-policy\/"]}]},{"@type":"BreadcrumbList","@id":"https:\/\/medisparkweb.com\/cookie-policy\/#breadcrumb","itemListElement":[{"@type":"ListItem","position":1,"name":"Home","item":"https:\/\/medisparkweb.com\/"},{"@type":"ListItem","position":2,"name":"Cookie Policy"}]},{"@type":"WebSite","@id":"https:\/\/medisparkweb.com\/#website","url":"https:\/\/medisparkweb.com\/","name":"MedisparkWeb","description":"","potentialAction":[{"@type":"SearchAction","target":{"@type":"EntryPoint","urlTemplate":"https:\/\/medisparkweb.com\/?s={search_term_string}"},"query-input":"required name=search_term_string"}],"inLanguage":"et"}]}},"_links":{"self":[{"href":"https:\/\/medisparkweb.com\/et\/wp-json\/wp\/v2\/pages\/379","targetHints":{"allow":["GET"]}}],"collection":[{"href":"https:\/\/medisparkweb.com\/et\/wp-json\/wp\/v2\/pages"}],"about":[{"href":"https:\/\/medisparkweb.com\/et\/wp-json\/wp\/v2\/types\/page"}],"author":[{"embeddable":true,"href":"https:\/\/medisparkweb.com\/et\/wp-json\/wp\/v2\/users\/1"}],"replies":[{"embeddable":true,"href":"https:\/\/medisparkweb.com\/et\/wp-json\/wp\/v2\/comments?post=379"}],"version-history":[{"count":1,"href":"https:\/\/medisparkweb.com\/et\/wp-json\/wp\/v2\/pages\/379\/revisions"}],"predecessor-version":[{"id":380,"href":"https:\/\/medisparkweb.com\/et\/wp-json\/wp\/v2\/pages\/379\/revisions\/380"}],"wp:attachment":[{"href":"https:\/\/medisparkweb.com\/et\/wp-json\/wp\/v2\/media?parent=379"}],"curies":[{"name":"wp","href":"https:\/\/api.w.org\/{rel}","templated":true}]}}