{"id":377,"date":"2024-06-27T16:01:41","date_gmt":"2024-06-27T16:01:41","guid":{"rendered":"https:\/\/medisparkweb.com\/?page_id=377"},"modified":"2024-06-27T16:07:00","modified_gmt":"2024-06-27T16:07:00","slug":"terms-and-conditions","status":"publish","type":"page","link":"https:\/\/medisparkweb.com\/et\/terms-and-conditions\/","title":{"rendered":"Tingimused"},"content":{"rendered":"<h2 class=\"wp-block-heading\">Tere tulemast Medisparki!<\/h2>\n\n\n\n<p>K\u00e4esolevad tingimused (\"Tingimused\") kirjeldavad veebilehe kasutamise reegleid ja eeskirju, mis asuvad aadressil<a href=\"https:\/\/medisparkweb.com\/et\/\"> MedisparkWeb.com<\/a> (\"Veebileht\"), mida haldab Medispark OU (\"Medispark\", \"meie\", \"meid\" v\u00f5i \"meie\"). Meie ettev\u00f5te on registreeritud aadressil Narva mnt 5-246, Tallinn, 10117, Eesti, meie kontor asub aadressil Valukoja 8\/1, 11415 Tallinn, Eesti. Meie registreerimisnumber on 16981891.<\/p>\n\n\n\n<p>Meie veebisaidile juurdep\u00e4\u00e4suga v\u00f5i selle kasutamisega n\u00f5ustute k\u00e4esolevate tingimuste j\u00e4rgimisega ja nende j\u00e4rgimisega. Kui te ei n\u00f5ustu nende tingimuste mis tahes osaga, ei tohi te veebilehte kasutada. Veebilehele juurdep\u00e4\u00e4su v\u00f5i selle kasutamist j\u00e4tkates kinnitate, et olete lugenud, m\u00f5istnud ja aktsepteerinud neid tingimusi ning k\u00f5iki kohaldatavaid seadusi ja m\u00e4\u00e4rusi. Kui te ei n\u00f5ustu k\u00e4esolevate tingimustega, ei tohi te veebisaiti kasutada.<\/p>\n\n\n\n<h2 class=\"wp-block-heading\">\u00dcldised tingimused<\/h2>\n\n\n\n<p>Medisparkile juurdep\u00e4\u00e4su ja tellimuse esitamisega kinnitate, et n\u00f5ustute k\u00e4esolevate tingimustega. Need tingimused reguleerivad kogu veebilehe kasutamist ning teie ja Medisparki vahelist suhtlust. Medispark ei vastuta mis tahes otseste, kaudsete, eriliste, juhuslike v\u00f5i kaudsete kahjude eest, sealhulgas andmete v\u00f5i kasumi kaotsimineku eest, mis tulenevad selle veebilehe materjalide kasutamisest v\u00f5i mittekasutamisest, isegi kui meid on sellistest v\u00f5imalustest teavitatud. K\u00f5ik kulud, mis tulenevad selle saidi materjalide kasutamisest, n\u00e4iteks seadmete v\u00f5i andmete hooldamine v\u00f5i parandamine, on teie vastutusalas. Medispark ei vastuta meie ressursside kasutamisel tekkivate tulemuste eest. Me v\u00f5ime igal ajal kohandada hindu ja muuta oma ressursside kasutamise poliitikat.<\/p>\n\n\n\n<h2 class=\"wp-block-heading\">M\u00e4\u00e4ratlused<\/h2>\n\n\n\n<p>K\u00e4esolevate tingimuste puhul:<\/p>\n\n\n\n<ul class=\"wp-block-list\">\n<li><strong>K\u00fcpsis<\/strong>: Veebilehe poolt loodud ja veebilehitseja poolt salvestatud v\u00e4ike andmestik. Seda kasutatakse teie brauseri tuvastamiseks, anal\u00fc\u00fctiliste andmete esitamiseks ja teie kohta k\u00e4iva teabe, n\u00e4iteks keele-eelistuste v\u00f5i sisselogimisandmete m\u00e4letamiseks.<\/li>\n\n\n\n<li><strong>Ettev\u00f5te<\/strong>: Viitab Medispark O\u00dc-le, mida k\u00e4esolevas eeskirjas nimetatakse \"Medispark\", \"me\", \"meid\" v\u00f5i \"meie\", asukohaga Narva mnt 5-246, Tallinn, 10117, Eesti, kes vastutab teie andmete eest k\u00e4esolevate tingimuste kohaselt.<\/li>\n\n\n\n<li><strong>Riik<\/strong>: Riik, kus Medispark v\u00f5i selle omanikud\/asutajad asuvad, on Eesti.<\/li>\n\n\n\n<li><strong>Seade<\/strong>: Medisparki ja selle teenuseid saavad kasutada k\u00f5ik interneti\u00fchendusega seadmed, n\u00e4iteks telefon, tahvelarvuti, arvuti v\u00f5i muud seadmed.<\/li>\n\n\n\n<li><strong>Teenus<\/strong>: Medisparki pakutavad teenused on kirjeldatud asjakohastes tingimustes ja sellel platvormil.<\/li>\n\n\n\n<li><strong>Kolmanda osapoole teenus<\/strong>: Siia kuuluvad reklaamijad, v\u00f5istluste sponsorid, reklaami- ja turunduspartnerid ning teised, kes pakuvad meie sisu v\u00f5i kelle tooteid v\u00f5i teenuseid me usume, et need v\u00f5ivad teid huvitada.<\/li>\n\n\n\n<li><strong>Veebileht<\/strong>: Medispark OU poolt hallatav sait on k\u00e4ttesaadav aadressil<a href=\"https:\/\/medisparkweb.com\/et\/\"> MedisparkWeb.com<\/a>.<\/li>\n\n\n\n<li><strong>Sa<\/strong>: Medisparki poolt teenuste kasutamiseks registreeritud f\u00fc\u00fcsiline v\u00f5i juriidiline isik.<\/li>\n<\/ul>\n\n\n\n<h2 class=\"wp-block-heading\">Kohaldatav \u00f5igus ja jurisdiktsioon<\/h2>\n\n\n\n<p>Neid tingimusi reguleerivad ja t\u00f5lgendavad Eesti seadused. K\u00f5ik k\u00e4esolevatest tingimustest tulenevad vaidlused lahendatakse eranditult Eesti kohtutes.<\/p>\n\n\n\n<h2 class=\"wp-block-heading\">Kasutaja k\u00e4itumine<\/h2>\n\n\n\n<p>Veebilehe kasutamisel n\u00f5ustute, et te ei osale ebaseaduslikus, solvavas v\u00f5i ebasobivas k\u00e4itumises. Selges\u00f5naliselt n\u00f5ustute, et te ei tohi:<\/p>\n\n\n\n<ul class=\"wp-block-list\">\n<li>rikkuda kehtivaid seadusi v\u00f5i m\u00e4\u00e4rusi;<\/li>\n\n\n\n<li>h\u00e4irida v\u00f5i h\u00e4irida veebilehe v\u00f5i selle serverite normaalset toimimist;<\/li>\n\n\n\n<li>P\u00fc\u00fca m\u00f6\u00f6da minna mis tahes turvaelementidest;<\/li>\n\n\n\n<li>koguda v\u00f5i salvestada teiste kasutajate isikuandmeid ilma nende n\u00f5usolekuta;<\/li>\n\n\n\n<li>postitada v\u00f5i edastada kahjulikku, r\u00f5vedat, laimavat v\u00f5i muul viisil solvavat sisu;<\/li>\n\n\n\n<li>kasutada veebilehte \u00e4rilistel eesm\u00e4rkidel ilma meie eelneva kirjaliku n\u00f5usolekuta.<\/li>\n<\/ul>\n\n\n\n<h2 class=\"wp-block-heading\">Intellektuaalomandi \u00f5igused<\/h2>\n\n\n\n<p>Kogu veebilehe sisu, sealhulgas, kuid mitte ainult, tekst, graafika, pildid, logod, ikoonid ja tarkvara, kuulub Medispark OU-le v\u00f5i selle litsentsiandjatele ja on kaitstud intellektuaalomandi seadustega. Teile antakse piiratud, mitteeksklusiivne ja mitte\u00fclekantav litsents veebilehe kasutamiseks ainult isiklikel, mitte\u00e4rilistel eesm\u00e4rkidel. Te ei tohi kopeerida, muuta, levitada ega luua veebisaidi mis tahes osast tuletatud teoseid ilma Medispark OU kirjaliku loata.<\/p>\n\n\n\n<h2 class=\"wp-block-heading\">Kolmanda osapoole sisu<\/h2>\n\n\n\n<p>Meie veebisait v\u00f5ib sisaldada linke v\u00e4listele veebisaitidele, teenustele v\u00f5i reklaamidele, mida Medispark ei kontrolli. Me ei toeta ega v\u00f5ta vastutust kolmandate isikute pakutava sisu eest. Igasugune suhtlus nende kolmandate osapoolte veebisaitide v\u00f5i teenustega toimub teie enda vastutusel ja \u00e4ran\u00e4gemisel ning Medispark ei vastuta mis tahes tagaj\u00e4rgede eest, mis tulenevad sellisest suhtlusest.<\/p>\n\n\n\n<h2 class=\"wp-block-heading\">Garantiist loobumine<\/h2>\n\n\n\n<p>Veebileht on saadaval \"nagu on\" ja \"nagu saadaval\" ilma garantiideta. Medispark ei anna mingeid lubadusi ega kinnitusi veebilehe sisu t\u00e4psuse, usaldusv\u00e4\u00e4rsuse v\u00f5i sobivuse kohta mis tahes eesm\u00e4rgil. Me ei garanteeri, et sellel veebisaidil esitatud teave on vigadeta, t\u00e4ielik v\u00f5i ajakohane. Lisaks ei garanteeri me, et veebisait on pidevalt k\u00e4ttesaadav v\u00f5i et sellel ei esine tehnilisi probleeme.<\/p>\n\n\n\n<h2 class=\"wp-block-heading\">Vastutuse piiramine<\/h2>\n\n\n\n<p>Medispark koos oma sidusettev\u00f5tete, t\u00f6\u00f6tajate ja esindajatega ei vastuta veebilehe v\u00f5i selle sisu kasutamisega seotud otseste, kaudsete, juhuslike, eriliste v\u00f5i kaudsete kahjude eest. Meie veebisaidi kasutamisele kehtivad konkreetsed piirangud ja tingimused. K\u00e4esolevas jaotises ja kogu k\u00e4esolevas vastutuse v\u00e4listamise osas kirjeldatud vastutuse s\u00e4tted kehtivad k\u00f5igi meie veebisaidiga seotud n\u00f5uete suhtes, sealhulgas nende n\u00f5uete suhtes, mis p\u00f5hinevad lepingul, deliktil v\u00f5i seadusj\u00e4rgsete kohustuste rikkumisel. Lisaks sellele, kuigi me pakume veebisaiti ning seal sisalduvat teavet ja teenuseid tasuta, ei vastuta me tekkinud kahjude eest.<\/p>\n\n\n\n<h2 class=\"wp-block-heading\">Tingimuste muutmine<\/h2>\n\n\n\n<p>Medispark j\u00e4tab endale \u00f5iguse neid tingimusi ilma eelneva etteteatamiseta ajakohastada v\u00f5i muuta. Soovitame teil neid tingimusi perioodiliselt l\u00e4bi vaadata, et teha neis muudatusi. Kui te j\u00e4tkate veebilehe kasutamist p\u00e4rast mis tahes uuenduste v\u00f5i muudatuste avaldamist, t\u00e4hendab see nende muudatuste heakskiitmist.<\/p>\n\n\n\n<h2 class=\"wp-block-heading\">L\u00f5petamine<\/h2>\n\n\n\n<p>Medisparkil on \u00f5igus oma \u00e4ran\u00e4gemise j\u00e4rgi peatada v\u00f5i l\u00f5petada teie juurdep\u00e4\u00e4s Medisparki veebisaidile ilma eelneva etteteatamiseta ja mis tahes p\u00f5hjusel, sealhulgas, kuid mitte ainult, k\u00e4esolevate tingimuste v\u00f5i kohaldatavate seaduste rikkumise korral.<\/p>\n\n\n\n<h2 class=\"wp-block-heading\">K\u00fcpsised<\/h2>\n\n\n\n<p>Me kasutame Medisparki veebisaidil k\u00fcpsiseid. Kui k\u00fclastate esimest korda veebilehte medisparkweb.com, ilmub h\u00fcpikaken \"Cookie Consent\", kus saate m\u00e4\u00e4rata oma eelistused seoses k\u00fcpsiste kasutamisega. \u00dcksikasjalikku teavet selle kohta, kuidas me kasutame k\u00fcpsiseid ja j\u00e4lgimistehnoloogiaid, leiate meie veebisaidi Medisparki privaatsuspoliitikast.<\/p>\n\n\n\n<h2 class=\"wp-block-heading\">H\u00fcperlinkid meie sisule<\/h2>\n\n\n\n<p>Konkreetsed organisatsioonid, nagu valitsusasutused, otsingumootorid, uudiste\/meediaettev\u00f5tted ja veebikataloogid, v\u00f5ivad Medisparki veebisaidile linkida ilma eelneva kirjaliku n\u00f5usolekuta. Muud \u00fcksused v\u00f5ivad meie veebisaidile linkida, kui nad vastavad j\u00e4rgmistele tingimustele:<\/p>\n\n\n\n<ul class=\"wp-block-list\">\n<li>Link ei ole kuidagi eksitav.<\/li>\n\n\n\n<li>See ei t\u00e4henda ekslikult linkiva osapoole ja tema toodete v\u00f5i teenuste sponsorlust, kinnitamist v\u00f5i heakskiitmist.<\/li>\n\n\n\n<li>See on asjakohane linkiva osapoole veebisaidi kontekstis.<\/li>\n<\/ul>\n\n\n\n<p>Medispark v\u00f5ib kaaluda ja heaks kiita organisatsioonide muid linkimise taotlusi, kui:<\/p>\n\n\n\n<ul class=\"wp-block-list\">\n<li>See link ei kajasta ebasoodsalt Medisparki ega selle sidusettev\u00f5tteid.<\/li>\n\n\n\n<li>Organisatsioonil on meiega positiivne ajalugu.<\/li>\n\n\n\n<li>Link annab \u00fcldist teavet ressursside kohta.<\/li>\n<\/ul>\n\n\n\n<p>Meie veebisaidile linkimise kohta v\u00f5tke meiega otse \u00fchendust aadressil info@medisparkweb.com. Teie p\u00e4ring peaks sisaldama j\u00e4rgmist:<\/p>\n\n\n\n<ul class=\"wp-block-list\">\n<li>Teie nimi.<\/li>\n\n\n\n<li>Teie organisatsiooni nimi.<\/li>\n\n\n\n<li>Kontaktandmed ja teie veebisaidi URL.<\/li>\n\n\n\n<li>Loetelu URL-aadressidest, kust te kavatsete meie veebisaidile linkida.<\/li>\n\n\n\n<li>Loetelu URL-dest, mida soovite meie saidil linkida.<\/li>\n<\/ul>\n\n\n\n<h2 class=\"wp-block-heading\">\u00d5iguste reserveerimine<\/h2>\n\n\n\n<p>Medispark j\u00e4tab endale \u00f5iguse n\u00f5uda mis tahes linkide eemaldamist meie veebisaidilt. Sellise n\u00f5ude saamisel peate viivitamatult eemaldama k\u00f5ik lingid meie veebisaidile. Lisaks sellele j\u00e4tame endale \u00f5iguse muuta neid tingimusi ja meie lingipoliitikat igal ajal. J\u00e4tkates linkimist meie veebisaidile, n\u00f5ustute j\u00e4rgima ja t\u00e4itma neid linkimistingimusi.<\/p>\n\n\n\n<h2 class=\"wp-block-heading\">Eraldatavus<\/h2>\n\n\n\n<p>Kui kohus v\u00f5i p\u00e4dev asutus tunnistab k\u00e4esolevate tingimuste mis tahes s\u00e4tte kehtetuks, n\u00f5ustute, et kohus p\u00fc\u00fcab s\u00e4ilitada poolte kavatsusi, mis kajastuvad k\u00f5nealuses s\u00e4ttes. K\u00f5ik teised k\u00e4esolevate tingimuste s\u00e4tted j\u00e4\u00e4vad t\u00e4ielikult kehtima.<\/p>\n\n\n\n<h2 class=\"wp-block-heading\">Linkide eemaldamine meie veebisaidilt<\/h2>\n\n\n\n<p>Kui meie veebisaidil leidub linke, mis teile ei meeldi, soovitame teil sellest viivitamatult teatada. Kuigi me kaalume taotlusi linkide eemaldamiseks, ei ole me kohustatud seda tegema ega andma otsest vastust.<\/p>\n\n\n\n<h2 class=\"wp-block-heading\">Kontaktandmed<\/h2>\n\n\n\n<p>Kui teil on k\u00fcsimusi, muresid v\u00f5i probleeme seoses k\u00e4esolevate tingimuste v\u00f5i meie veebisaidi toimimisega, v\u00f5tke meiega \u00fchendust aadressil:<\/p>\n\n\n\n<ul class=\"wp-block-list\">\n<li>E-post: <a href=\"mailto:info@medisparkweb.com\">info@medisparkweb.com<\/a><\/li>\n\n\n\n<li>Veebileht: <a href=\"https:\/\/medisparkweb.com\/et\/\">medisparkweb.com<\/a><\/li>\n\n\n\n<li>Telefon: <a href=\"tel: 3726682564\">+3726682564<\/a><\/li>\n<\/ul>","protected":false},"excerpt":{"rendered":"<p>Tere tulemast Medisparki! K\u00e4esolevad kasutustingimused (\"Tingimused\") kirjeldavad Medispark OU (\"Medispark\", \"me\", \"meid\" v\u00f5i \"meie\") poolt hallatava veebilehe MedisparkWeb.com (edaspidi \"veebileht\") kasutamise reegleid ja eeskirju. Meie ettev\u00f5te on registreeritud aadressil Narva mnt 5-246, Tallinn, 10117, Eesti, meie kontor asub aadressil Valukoja 8\/1, 11415 Tallinn, Eesti. Meie registreerimisnumber [...]<\/p>","protected":false},"author":1,"featured_media":0,"parent":0,"menu_order":0,"comment_status":"closed","ping_status":"closed","template":"template-pages\/policy.php","meta":{"_acf_changed":false,"inline_featured_image":false,"footnotes":""},"class_list":["post-377","page","type-page","status-publish","hentry"],"acf":[],"yoast_head":"<!-- This site is optimized with the Yoast SEO plugin v22.8 - https:\/\/yoast.com\/wordpress\/plugins\/seo\/ -->\n<title>Terms and Conditions - MedisparkWeb<\/title>\n<meta name=\"robots\" content=\"index, follow, max-snippet:-1, max-image-preview:large, max-video-preview:-1\" \/>\n<link rel=\"canonical\" href=\"https:\/\/medisparkweb.com\/et\/terms-and-conditions\/\" \/>\n<meta property=\"og:locale\" content=\"et_EE\" \/>\n<meta property=\"og:type\" content=\"article\" \/>\n<meta property=\"og:title\" content=\"Terms and Conditions - MedisparkWeb\" \/>\n<meta property=\"og:description\" content=\"Welcome to Medispark! These Terms and Conditions (&#8220;Terms&#8221;) outline the rules and regulations for using the Website located at MedisparkWeb.com (the &#8220;Website&#8221;), operated by Medispark OU (&#8220;Medispark,&#8221; &#8220;we,&#8221; &#8220;us,&#8221; or &#8220;our&#8221;). Our company is registered at Narva mnt 5-246, Tallinn, 10117, Estonia, with our office located at Valukoja 8\/1, 11415 Tallinn, Estonia. Our registration number [&hellip;]\" \/>\n<meta property=\"og:url\" content=\"https:\/\/medisparkweb.com\/et\/terms-and-conditions\/\" \/>\n<meta property=\"og:site_name\" content=\"MedisparkWeb\" \/>\n<meta property=\"article:modified_time\" content=\"2024-06-27T16:07:00+00:00\" \/>\n<meta name=\"twitter:card\" content=\"summary_large_image\" \/>\n<meta name=\"twitter:label1\" content=\"Est. reading time\" \/>\n\t<meta name=\"twitter:data1\" content=\"6 minutit\" \/>\n<script type=\"application\/ld+json\" class=\"yoast-schema-graph\">{\"@context\":\"https:\/\/schema.org\",\"@graph\":[{\"@type\":\"WebPage\",\"@id\":\"https:\/\/medisparkweb.com\/terms-and-conditions\/\",\"url\":\"https:\/\/medisparkweb.com\/terms-and-conditions\/\",\"name\":\"Terms and Conditions - MedisparkWeb\",\"isPartOf\":{\"@id\":\"https:\/\/medisparkweb.com\/#website\"},\"datePublished\":\"2024-06-27T16:01:41+00:00\",\"dateModified\":\"2024-06-27T16:07:00+00:00\",\"breadcrumb\":{\"@id\":\"https:\/\/medisparkweb.com\/terms-and-conditions\/#breadcrumb\"},\"inLanguage\":\"et\",\"potentialAction\":[{\"@type\":\"ReadAction\",\"target\":[\"https:\/\/medisparkweb.com\/terms-and-conditions\/\"]}]},{\"@type\":\"BreadcrumbList\",\"@id\":\"https:\/\/medisparkweb.com\/terms-and-conditions\/#breadcrumb\",\"itemListElement\":[{\"@type\":\"ListItem\",\"position\":1,\"name\":\"Home\",\"item\":\"https:\/\/medisparkweb.com\/\"},{\"@type\":\"ListItem\",\"position\":2,\"name\":\"Terms and Conditions\"}]},{\"@type\":\"WebSite\",\"@id\":\"https:\/\/medisparkweb.com\/#website\",\"url\":\"https:\/\/medisparkweb.com\/\",\"name\":\"MedisparkWeb\",\"description\":\"\",\"potentialAction\":[{\"@type\":\"SearchAction\",\"target\":{\"@type\":\"EntryPoint\",\"urlTemplate\":\"https:\/\/medisparkweb.com\/?s={search_term_string}\"},\"query-input\":\"required name=search_term_string\"}],\"inLanguage\":\"et\"}]}<\/script>\n<!-- \/ Yoast SEO plugin. -->","yoast_head_json":{"title":"Terms and Conditions - MedisparkWeb","robots":{"index":"index","follow":"follow","max-snippet":"max-snippet:-1","max-image-preview":"max-image-preview:large","max-video-preview":"max-video-preview:-1"},"canonical":"https:\/\/medisparkweb.com\/et\/terms-and-conditions\/","og_locale":"et_EE","og_type":"article","og_title":"Terms and Conditions - MedisparkWeb","og_description":"Welcome to Medispark! These Terms and Conditions (&#8220;Terms&#8221;) outline the rules and regulations for using the Website located at MedisparkWeb.com (the &#8220;Website&#8221;), operated by Medispark OU (&#8220;Medispark,&#8221; &#8220;we,&#8221; &#8220;us,&#8221; or &#8220;our&#8221;). Our company is registered at Narva mnt 5-246, Tallinn, 10117, Estonia, with our office located at Valukoja 8\/1, 11415 Tallinn, Estonia. Our registration number [&hellip;]","og_url":"https:\/\/medisparkweb.com\/et\/terms-and-conditions\/","og_site_name":"MedisparkWeb","article_modified_time":"2024-06-27T16:07:00+00:00","twitter_card":"summary_large_image","twitter_misc":{"Est. reading time":"6 minutit"},"schema":{"@context":"https:\/\/schema.org","@graph":[{"@type":"WebPage","@id":"https:\/\/medisparkweb.com\/terms-and-conditions\/","url":"https:\/\/medisparkweb.com\/terms-and-conditions\/","name":"Terms and Conditions - MedisparkWeb","isPartOf":{"@id":"https:\/\/medisparkweb.com\/#website"},"datePublished":"2024-06-27T16:01:41+00:00","dateModified":"2024-06-27T16:07:00+00:00","breadcrumb":{"@id":"https:\/\/medisparkweb.com\/terms-and-conditions\/#breadcrumb"},"inLanguage":"et","potentialAction":[{"@type":"ReadAction","target":["https:\/\/medisparkweb.com\/terms-and-conditions\/"]}]},{"@type":"BreadcrumbList","@id":"https:\/\/medisparkweb.com\/terms-and-conditions\/#breadcrumb","itemListElement":[{"@type":"ListItem","position":1,"name":"Home","item":"https:\/\/medisparkweb.com\/"},{"@type":"ListItem","position":2,"name":"Terms and Conditions"}]},{"@type":"WebSite","@id":"https:\/\/medisparkweb.com\/#website","url":"https:\/\/medisparkweb.com\/","name":"MedisparkWeb","description":"","potentialAction":[{"@type":"SearchAction","target":{"@type":"EntryPoint","urlTemplate":"https:\/\/medisparkweb.com\/?s={search_term_string}"},"query-input":"required name=search_term_string"}],"inLanguage":"et"}]}},"_links":{"self":[{"href":"https:\/\/medisparkweb.com\/et\/wp-json\/wp\/v2\/pages\/377","targetHints":{"allow":["GET"]}}],"collection":[{"href":"https:\/\/medisparkweb.com\/et\/wp-json\/wp\/v2\/pages"}],"about":[{"href":"https:\/\/medisparkweb.com\/et\/wp-json\/wp\/v2\/types\/page"}],"author":[{"embeddable":true,"href":"https:\/\/medisparkweb.com\/et\/wp-json\/wp\/v2\/users\/1"}],"replies":[{"embeddable":true,"href":"https:\/\/medisparkweb.com\/et\/wp-json\/wp\/v2\/comments?post=377"}],"version-history":[{"count":2,"href":"https:\/\/medisparkweb.com\/et\/wp-json\/wp\/v2\/pages\/377\/revisions"}],"predecessor-version":[{"id":384,"href":"https:\/\/medisparkweb.com\/et\/wp-json\/wp\/v2\/pages\/377\/revisions\/384"}],"wp:attachment":[{"href":"https:\/\/medisparkweb.com\/et\/wp-json\/wp\/v2\/media?parent=377"}],"curies":[{"name":"wp","href":"https:\/\/api.w.org\/{rel}","templated":true}]}}