{"id":375,"date":"2024-06-27T16:00:05","date_gmt":"2024-06-27T16:00:05","guid":{"rendered":"https:\/\/medisparkweb.com\/?page_id=375"},"modified":"2024-06-27T16:00:05","modified_gmt":"2024-06-27T16:00:05","slug":"privacy-policy","status":"publish","type":"page","link":"https:\/\/medisparkweb.com\/et\/privacy-policy\/","title":{"rendered":"Privaatsuspoliitika"},"content":{"rendered":"<p>Medispark, mida haldab Medispark OU (registreeritud number: 16981891), on p\u00fchendunud oma kasutajate privaatsuse kaitsmisele. K\u00e4esolev privaatsuspoliitika selgitab, kuidas Medispark kogub, kasutab, s\u00e4ilitab ja avalikustab Medisparki veebilehe (\"Veebileht\") kasutajate (\"Kasutajad\") ning Medisparki poolt pakutavate toodete ja teenuste kohta k\u00e4ivaid andmeid. Meie registreeritud aadress on Narva mnt 5-246, Tallinn, 10117, Eesti, ja meie kontori aadress on Valukoja 8\/1, 11415 Tallinn, Eesti.<\/p>\n\n\n\n<h2 class=\"wp-block-heading\">Isikuandmed<\/h2>\n\n\n\n<p>Medispark v\u00f5ib koguda kasutajatelt isikuandmeid erinevate meetodite kaudu, sealhulgas, kuid mitte ainult, kui kasutajad k\u00fclastavad meie veebisaiti, t\u00e4idavad vorme v\u00f5i osalevad muudes meie veebisaidil pakutavate tegevuste, teenuste, funktsioonide v\u00f5i ressursside kasutamisel. Kasutajatelt v\u00f5idakse k\u00fcsida selliseid andmeid nagu nimi, e-posti aadress, telefoninumber ja muud asjakohast teavet. Me kogume kasutajatelt isikuandmeid ainult siis, kui nad neid vabatahtlikult esitavad. Kasutajad v\u00f5ivad alati valida, et nad ei anna isikuandmeid, mis v\u00f5ib takistada teenuse osutamist.<\/p>\n\n\n\n<h2 class=\"wp-block-heading\">Isikuandmed ja lisatud materjalid<\/h2>\n\n\n\n<p>Kogu kliendi poolt Medisparkile esitatud teave, sealhulgas tootematerjalid, isikuandmed ja projekti spetsiifilised andmed (\"kliendi materjalid\"), hoitakse konfidentsiaalsena ja j\u00e4\u00e4b kliendi ainuomandiks. Medispark Web kohustub kaitsma k\u00f5iki Klientide materjale ja ei avalda neid kolmandatele isikutele ilma Kliendi selges\u00f5nalise kirjaliku n\u00f5usolekuta. K\u00e4esoleva konfidentsiaalsuslepingu rikkumine toob kaasa asjakohased distsiplinaarmeetmed.<\/p>\n\n\n\n<h2 class=\"wp-block-heading\">Mitte-isiklik identifitseerimisteave<\/h2>\n\n\n\n<p>Medispark v\u00f5ib koguda kasutajate kohta mitte-isikuandmeid, kui nad suhtlevad meie veebisaidiga. Need andmed v\u00f5ivad sisaldada brauseri t\u00fc\u00fcpi, seadme t\u00fc\u00fcpi ja tehnilisi \u00fcksikasju kasutaja ja meie veebisaidi vahelise \u00fchenduse meetodi kohta, n\u00e4iteks operatsioonis\u00fcsteemi ja internetiteenuse pakkuja kohta.<\/p>\n\n\n\n<h2 class=\"wp-block-heading\">Veebibrauseri k\u00fcpsised<\/h2>\n\n\n\n<p>Medispark v\u00f5ib kasutada k\u00fcpsiseid, et parandada kasutajakogemust. K\u00fcpsised on v\u00e4ikesed andmefailid, mis saadetakse veebiserverist kasutaja brauserisse ja salvestatakse kasutaja k\u00f5vakettale. Kasutajad v\u00f5ivad oma veebilehitseja seadistada k\u00fcpsistest keeldumiseks v\u00f5i k\u00fcpsiste saatmisest teavitamiseks. K\u00fcpsiste keelamine v\u00f5ib aga p\u00f5hjustada veebilehe m\u00f5ne osa talitlush\u00e4ireid.<\/p>\n\n\n\n<h2 class=\"wp-block-heading\">Google Analytics<\/h2>\n\n\n\n<p>Medispark kasutab Google Analytics'i, et koguda andmeid selle kohta, kuidas kasutajad veebilehega suhtlevad, sealhulgas lehek\u00fclgede k\u00fclastuste ja kasutajate tegevuse kohta. Seda teavet kasutatakse ainult selleks, et parandada veebisaidi toimivust ja kasutajakogemust. Kasutajad saavad takistada Google Analyticsi k\u00fclastuste j\u00e4lgimist, l\u00fclitades k\u00fcpsised oma veebilehitseja seadetes v\u00e4lja.<\/p>\n\n\n\n<h2 class=\"wp-block-heading\">Kuidas me kogutud teavet kasutame<\/h2>\n\n\n\n<p>Medispark v\u00f5ib koguda ja kasutada kasutajate isikuandmeid j\u00e4rgmistel eesm\u00e4rkidel:<\/p>\n\n\n\n<ul class=\"wp-block-list\">\n<li>Kasutajakogemuse parandamine<\/li>\n\n\n\n<li>Veebisaidi funktsionaalsuse parandamine<\/li>\n\n\n\n<li>Klienditoe pakkumine<\/li>\n\n\n\n<li>Asjakohaste ajakohastuste ja teabe saatmine<\/li>\n\n\n\n<li>Kampaaniate v\u00f5i k\u00fcsitluste korraldamine<\/li>\n<\/ul>\n\n\n\n<p>Medispark on p\u00fchendunud kasutajate andmete kaitsmisele ja asjakohaste meetmete rakendamisele, et v\u00e4ltida volitamata juurdep\u00e4\u00e4su, avalikustamist v\u00f5i muutmist isikuandmetele.<\/p>\n\n\n\n<h2 class=\"wp-block-heading\">Teie isikuandmete jagamine<\/h2>\n\n\n\n<p>Medispark ei m\u00fc\u00fc, kauple ega rendi kasutajate isikuandmeid kolmandatele isikutele.<\/p>\n\n\n\n<h2 class=\"wp-block-heading\">Muudatused k\u00e4esolevasse privaatsuspoliitikasse<\/h2>\n\n\n\n<p>Medispark j\u00e4tab endale \u00f5iguse k\u00e4esolevat privaatsuspoliitikat igal ajal muuta v\u00f5i ajakohastada. Soovitame kasutajatel seda poliitikat regulaarselt l\u00e4bi vaadata, et olla kursis muudatustega. Olulistest muudatustest teavitatakse registreeritud kasutajaid e-posti teel.<\/p>\n\n\n\n<h2 class=\"wp-block-heading\">Teie n\u00f5usolek<\/h2>\n\n\n\n<p>Medisparki veebisaidile juurdep\u00e4\u00e4suga ja selle kasutamisega n\u00f5ustute k\u00e4esolevas privaatsuspoliitikas esitatud tingimustega. Kui te ei n\u00f5ustu nende tingimustega, \u00e4rge kasutage meie veebisaiti.<\/p>\n\n\n\n<h2 class=\"wp-block-heading\">Kontaktandmed<\/h2>\n\n\n\n<p>Meie privaatsuspoliitikaga v\u00f5i veebisaidi funktsionaalsusega seotud k\u00fcsimuste, probleemide v\u00f5i probleemide korral v\u00f5tke meiega \u00fchendust aadressil:<\/p>\n\n\n\n<ul class=\"wp-block-list\">\n<li>E-post: <a href=\"mailto:info@medisparkweb.com\">info@medisparkweb.com<\/a><\/li>\n\n\n\n<li>Veebileht: <a href=\"https:\/\/medisparkweb.com\/et\/\">medisparkweb.com<\/a><\/li>\n\n\n\n<li>Telefon: <a href=\"tel: 3726682564\">+3726682564<\/a><\/li>\n<\/ul>\n\n\n\n<p>Oleme p\u00fchendunud sellele, et vastata teie p\u00e4ringutele kiiresti ja t\u00f5husalt.<\/p>","protected":false},"excerpt":{"rendered":"<p>Medispark, mida haldab Medispark OU (registreeritud number: 16981891), on p\u00fchendunud oma kasutajate privaatsuse kaitsmisele. K\u00e4esolev privaatsuspoliitika selgitab, kuidas Medispark kogub, kasutab, s\u00e4ilitab ja avalikustab Medisparki veebilehe (\"Veebileht\") kasutajate (\"Kasutajad\") ning Medisparki poolt pakutavate toodete ja teenuste kohta k\u00e4ivaid andmeid. Meie registreeritud aadress on Narva mnt 5-246, Tallinn, 10117, [...]<\/p>","protected":false},"author":1,"featured_media":0,"parent":0,"menu_order":0,"comment_status":"closed","ping_status":"closed","template":"template-pages\/policy.php","meta":{"_acf_changed":false,"inline_featured_image":false,"footnotes":""},"class_list":["post-375","page","type-page","status-publish","hentry"],"acf":[],"yoast_head":"<!-- This site is optimized with the Yoast SEO plugin v22.8 - https:\/\/yoast.com\/wordpress\/plugins\/seo\/ -->\n<title>Privacy policy - MedisparkWeb<\/title>\n<meta name=\"robots\" content=\"index, follow, max-snippet:-1, max-image-preview:large, max-video-preview:-1\" \/>\n<link rel=\"canonical\" href=\"https:\/\/medisparkweb.com\/et\/privacy-policy\/\" \/>\n<meta property=\"og:locale\" content=\"et_EE\" \/>\n<meta property=\"og:type\" content=\"article\" \/>\n<meta property=\"og:title\" content=\"Privacy policy - MedisparkWeb\" \/>\n<meta property=\"og:description\" content=\"Medispark, operated by Medispark OU (registered number: 16981891), is committed to protecting the privacy of its users. This Privacy Policy explains how Medispark collects, uses, maintains, and discloses information from users (&#8220;Users&#8221;) of the Medispark website (&#8220;Website&#8221;) and any related products and services provided by Medispark. Our registered address is Narva mnt 5-246, Tallinn, 10117, [&hellip;]\" \/>\n<meta property=\"og:url\" content=\"https:\/\/medisparkweb.com\/et\/privacy-policy\/\" \/>\n<meta property=\"og:site_name\" content=\"MedisparkWeb\" \/>\n<meta name=\"twitter:card\" content=\"summary_large_image\" \/>\n<meta name=\"twitter:label1\" content=\"Est. reading time\" \/>\n\t<meta name=\"twitter:data1\" content=\"3 minutit\" \/>\n<script type=\"application\/ld+json\" class=\"yoast-schema-graph\">{\"@context\":\"https:\/\/schema.org\",\"@graph\":[{\"@type\":\"WebPage\",\"@id\":\"https:\/\/medisparkweb.com\/privacy-policy\/\",\"url\":\"https:\/\/medisparkweb.com\/privacy-policy\/\",\"name\":\"Privacy policy - MedisparkWeb\",\"isPartOf\":{\"@id\":\"https:\/\/medisparkweb.com\/#website\"},\"datePublished\":\"2024-06-27T16:00:05+00:00\",\"dateModified\":\"2024-06-27T16:00:05+00:00\",\"breadcrumb\":{\"@id\":\"https:\/\/medisparkweb.com\/privacy-policy\/#breadcrumb\"},\"inLanguage\":\"et\",\"potentialAction\":[{\"@type\":\"ReadAction\",\"target\":[\"https:\/\/medisparkweb.com\/privacy-policy\/\"]}]},{\"@type\":\"BreadcrumbList\",\"@id\":\"https:\/\/medisparkweb.com\/privacy-policy\/#breadcrumb\",\"itemListElement\":[{\"@type\":\"ListItem\",\"position\":1,\"name\":\"Home\",\"item\":\"https:\/\/medisparkweb.com\/\"},{\"@type\":\"ListItem\",\"position\":2,\"name\":\"Privacy policy\"}]},{\"@type\":\"WebSite\",\"@id\":\"https:\/\/medisparkweb.com\/#website\",\"url\":\"https:\/\/medisparkweb.com\/\",\"name\":\"MedisparkWeb\",\"description\":\"\",\"potentialAction\":[{\"@type\":\"SearchAction\",\"target\":{\"@type\":\"EntryPoint\",\"urlTemplate\":\"https:\/\/medisparkweb.com\/?s={search_term_string}\"},\"query-input\":\"required name=search_term_string\"}],\"inLanguage\":\"et\"}]}<\/script>\n<!-- \/ Yoast SEO plugin. -->","yoast_head_json":{"title":"Privacy policy - MedisparkWeb","robots":{"index":"index","follow":"follow","max-snippet":"max-snippet:-1","max-image-preview":"max-image-preview:large","max-video-preview":"max-video-preview:-1"},"canonical":"https:\/\/medisparkweb.com\/et\/privacy-policy\/","og_locale":"et_EE","og_type":"article","og_title":"Privacy policy - MedisparkWeb","og_description":"Medispark, operated by Medispark OU (registered number: 16981891), is committed to protecting the privacy of its users. This Privacy Policy explains how Medispark collects, uses, maintains, and discloses information from users (&#8220;Users&#8221;) of the Medispark website (&#8220;Website&#8221;) and any related products and services provided by Medispark. Our registered address is Narva mnt 5-246, Tallinn, 10117, [&hellip;]","og_url":"https:\/\/medisparkweb.com\/et\/privacy-policy\/","og_site_name":"MedisparkWeb","twitter_card":"summary_large_image","twitter_misc":{"Est. reading time":"3 minutit"},"schema":{"@context":"https:\/\/schema.org","@graph":[{"@type":"WebPage","@id":"https:\/\/medisparkweb.com\/privacy-policy\/","url":"https:\/\/medisparkweb.com\/privacy-policy\/","name":"Privacy policy - MedisparkWeb","isPartOf":{"@id":"https:\/\/medisparkweb.com\/#website"},"datePublished":"2024-06-27T16:00:05+00:00","dateModified":"2024-06-27T16:00:05+00:00","breadcrumb":{"@id":"https:\/\/medisparkweb.com\/privacy-policy\/#breadcrumb"},"inLanguage":"et","potentialAction":[{"@type":"ReadAction","target":["https:\/\/medisparkweb.com\/privacy-policy\/"]}]},{"@type":"BreadcrumbList","@id":"https:\/\/medisparkweb.com\/privacy-policy\/#breadcrumb","itemListElement":[{"@type":"ListItem","position":1,"name":"Home","item":"https:\/\/medisparkweb.com\/"},{"@type":"ListItem","position":2,"name":"Privacy policy"}]},{"@type":"WebSite","@id":"https:\/\/medisparkweb.com\/#website","url":"https:\/\/medisparkweb.com\/","name":"MedisparkWeb","description":"","potentialAction":[{"@type":"SearchAction","target":{"@type":"EntryPoint","urlTemplate":"https:\/\/medisparkweb.com\/?s={search_term_string}"},"query-input":"required name=search_term_string"}],"inLanguage":"et"}]}},"_links":{"self":[{"href":"https:\/\/medisparkweb.com\/et\/wp-json\/wp\/v2\/pages\/375","targetHints":{"allow":["GET"]}}],"collection":[{"href":"https:\/\/medisparkweb.com\/et\/wp-json\/wp\/v2\/pages"}],"about":[{"href":"https:\/\/medisparkweb.com\/et\/wp-json\/wp\/v2\/types\/page"}],"author":[{"embeddable":true,"href":"https:\/\/medisparkweb.com\/et\/wp-json\/wp\/v2\/users\/1"}],"replies":[{"embeddable":true,"href":"https:\/\/medisparkweb.com\/et\/wp-json\/wp\/v2\/comments?post=375"}],"version-history":[{"count":1,"href":"https:\/\/medisparkweb.com\/et\/wp-json\/wp\/v2\/pages\/375\/revisions"}],"predecessor-version":[{"id":376,"href":"https:\/\/medisparkweb.com\/et\/wp-json\/wp\/v2\/pages\/375\/revisions\/376"}],"wp:attachment":[{"href":"https:\/\/medisparkweb.com\/et\/wp-json\/wp\/v2\/media?parent=375"}],"curies":[{"name":"wp","href":"https:\/\/api.w.org\/{rel}","templated":true}]}}