{"id":379,"date":"2024-06-27T16:05:01","date_gmt":"2024-06-27T16:05:01","guid":{"rendered":"https:\/\/medisparkweb.com\/?page_id=379"},"modified":"2024-06-27T16:05:09","modified_gmt":"2024-06-27T16:05:09","slug":"cookie-policy","status":"publish","type":"page","link":"https:\/\/medisparkweb.com\/de\/cookie-policy\/","title":{"rendered":"Cookie-Richtlinie"},"content":{"rendered":"<p>Medispark OU (im Folgenden als \"Medispark\", \"wir\", \"uns\" oder \"unser\" bezeichnet) ist bestrebt, Ihre Erfahrung auf unserer Website zu verbessern. Diese Cookie-Richtlinie beschreibt, wie wir Cookies und \u00e4hnliche Technologien verwenden, um Sie zu erkennen, wenn Sie unsere Website unter MedisparkWeb.com (die \"Website\") besuchen. Unser Unternehmen ist in Estland unter der Registrierungsnummer 16981891 registriert, und unsere registrierte Adresse lautet Narva mnt 5-246, Tallinn, 10117, Estland. Unsere B\u00fcroadresse lautet Valukoja 8\/1, 11415 Tallinn, Estland.<\/p>\n\n\n\n<h2 class=\"wp-block-heading\">Was sind Cookies?<\/h2>\n\n\n\n<p>Cookies sind kleine Datendateien, die auf Ihrem Ger\u00e4t gespeichert werden, wenn Sie eine Website besuchen. Sie werden h\u00e4ufig verwendet, um Websites effizienter zu gestalten und den Eigent\u00fcmern der Website Informationen zur Verf\u00fcgung zu stellen. Mit Hilfe von Cookies k\u00f6nnen wir Ihr Nutzererlebnis verbessern, Inhalte auf Ihre Pr\u00e4ferenzen abstimmen und unsere Dienste verbessern.<\/p>\n\n\n\n<h2 class=\"wp-block-heading\">Arten von Cookies, die wir verwenden<\/h2>\n\n\n\n<ol class=\"wp-block-list\">\n<li><strong>Unverzichtbare Cookies<\/strong>: Diese Cookies sind notwendig, damit die Website korrekt funktioniert. Ohne diese Cookies w\u00fcrden einige Teile unserer Website nicht funktionieren.<\/li>\n\n\n\n<li><strong>Leistungs- und Analyse-Cookies<\/strong>: Diese Cookies helfen uns zu verstehen, wie Sie mit unserer Website interagieren, indem sie anonym Informationen sammeln und melden. Sie erm\u00f6glichen es uns, die Leistung unserer Website zu messen und zu verbessern.<\/li>\n\n\n\n<li><strong>Funktionalit\u00e4t Cookies<\/strong>: Diese Cookies erm\u00f6glichen es unserer Website, sich an die von Ihnen getroffenen Entscheidungen zu erinnern (z. B. an Ihren Benutzernamen, Ihre Sprache oder die Region, in der Sie sich befinden), und bieten verbesserte, pers\u00f6nlichere Funktionen.<\/li>\n\n\n\n<li><strong>Werbung und zielgerichtete Cookies<\/strong>: Diese Cookies liefern Werbung, die f\u00fcr Sie und Ihre Interessen relevant ist. Sie begrenzen auch die Anzahl der Anzeigen, die Sie sehen, und helfen, die Wirksamkeit der Werbekampagne zu messen.<\/li>\n<\/ol>\n\n\n\n<h2 class=\"wp-block-heading\">Wie wir Cookies verwenden<\/h2>\n\n\n\n<p>Wir verwenden Cookies um:<\/p>\n\n\n\n<ul class=\"wp-block-list\">\n<li>Sicherstellen, dass die Website ordnungsgem\u00e4\u00df funktioniert.<\/li>\n\n\n\n<li>Merken Sie sich Ihre Pr\u00e4ferenzen und Einstellungen.<\/li>\n\n\n\n<li>Verstehen, wie Besucher unsere Website nutzen, und ihre Leistung verbessern.<\/li>\n\n\n\n<li>Bereitstellung personalisierter Inhalte und Werbung.<\/li>\n\n\n\n<li>Durchf\u00fchrung von Analyse- und Forschungsaktivit\u00e4ten zur Verbesserung unserer Dienstleistungen.<\/li>\n<\/ul>\n\n\n\n<h2 class=\"wp-block-heading\">Ihr Einverst\u00e4ndnis<\/h2>\n\n\n\n<p>Durch die Nutzung unserer Website erkl\u00e4ren Sie sich mit der Verwendung von Cookies, wie in dieser Cookie-Richtlinie dargelegt, einverstanden. Wenn Sie unsere Website zum ersten Mal besuchen, sehen Sie einen Cookie-Hinweis, mit dem Sie Ihre Cookie-Einstellungen verwalten k\u00f6nnen.<\/p>\n\n\n\n<h2 class=\"wp-block-heading\">Verwalten Ihrer Cookie-Pr\u00e4ferenzen<\/h2>\n\n\n\n<p>Sie haben das Recht zu entscheiden, ob Sie Cookies akzeptieren oder ablehnen. Sie k\u00f6nnen Ihren Browser so einstellen, dass er Cookies ablehnt oder Sie warnt, wenn Cookies gesendet werden. Wenn Sie sich jedoch entscheiden, Cookies zu deaktivieren, funktionieren einige Funktionen unserer Website m\u00f6glicherweise nicht richtig.<\/p>\n\n\n\n<h2 class=\"wp-block-heading\">Cookies von Drittanbietern<\/h2>\n\n\n\n<p>Zus\u00e4tzlich zu unseren eigenen Cookies k\u00f6nnen wir auch verschiedene Cookies von Drittanbietern verwenden, um Statistiken \u00fcber die Nutzung der Website zu erstellen und Werbung auf und \u00fcber die Website zu liefern. F\u00fcr diese Drittanbieter-Cookies gelten die jeweiligen Datenschutzrichtlinien der Drittanbieter.<\/p>\n\n\n\n<h2 class=\"wp-block-heading\">\u00c4nderungen an dieser Cookie-Richtlinie<\/h2>\n\n\n\n<p>Medispark beh\u00e4lt sich das Recht vor, diese Cookie-Richtlinie jederzeit zu aktualisieren oder zu \u00e4ndern. Wir empfehlen Ihnen, diese Richtlinie regelm\u00e4\u00dfig zu lesen, um \u00fcber unsere Verwendung von Cookies informiert zu bleiben. Alle wesentlichen \u00c4nderungen werden registrierten Nutzern per E-Mail mitgeteilt.<\/p>\n\n\n\n<h2 class=\"wp-block-heading\">Kontakt<\/h2>\n\n\n\n<p>Wenn Sie Fragen oder Bedenken bez\u00fcglich unserer Verwendung von Cookies haben, wenden Sie sich bitte an uns:<\/p>\n\n\n\n<ul class=\"wp-block-list\">\n<li>E-Mail: <a href=\"mailto:support@medisparkweb.com\">support@medisparkweb.com<\/a><\/li>\n\n\n\n<li>Website: <a href=\"https:\/\/medisparkweb.com\/de\/contact-us\/\">medisparkweb.com\/kontakt-uns<\/a><\/li>\n\n\n\n<li>Telefon: <a href=\"tel: 3726682564\">+3726682564<\/a><\/li>\n<\/ul>\n\n\n\n<p>Durch die weitere Nutzung unserer Website erkl\u00e4ren Sie sich mit den Bedingungen dieser Cookie-Richtlinie einverstanden.<\/p>","protected":false},"excerpt":{"rendered":"<p>Medispark OU (hereafter referred to as &#8220;Medispark,&#8221; &#8220;we,&#8221; &#8220;us,&#8221; or &#8220;our&#8221;) is committed to enhancing your experience on our Website. This Cookie Policy outlines how we use cookies and similar technologies to recognize you when you visit our Website at MedisparkWeb.com (the &#8220;Website&#8221;). Our company is registered in Estonia with the registration number 16981891, and [&hellip;]<\/p>","protected":false},"author":1,"featured_media":0,"parent":0,"menu_order":0,"comment_status":"closed","ping_status":"closed","template":"template-pages\/policy.php","meta":{"_acf_changed":false,"inline_featured_image":false,"footnotes":""},"class_list":["post-379","page","type-page","status-publish","hentry"],"acf":[],"yoast_head":"<!-- This site is optimized with the Yoast SEO plugin v22.8 - https:\/\/yoast.com\/wordpress\/plugins\/seo\/ -->\n<title>Cookie Policy - MedisparkWeb<\/title>\n<meta name=\"robots\" content=\"index, follow, max-snippet:-1, max-image-preview:large, max-video-preview:-1\" \/>\n<link rel=\"canonical\" href=\"https:\/\/medisparkweb.com\/de\/cookie-policy\/\" \/>\n<meta property=\"og:locale\" content=\"de_DE\" \/>\n<meta property=\"og:type\" content=\"article\" \/>\n<meta property=\"og:title\" content=\"Cookie Policy - MedisparkWeb\" \/>\n<meta property=\"og:description\" content=\"Medispark OU (hereafter referred to as &#8220;Medispark,&#8221; &#8220;we,&#8221; &#8220;us,&#8221; or &#8220;our&#8221;) is committed to enhancing your experience on our Website. This Cookie Policy outlines how we use cookies and similar technologies to recognize you when you visit our Website at MedisparkWeb.com (the &#8220;Website&#8221;). Our company is registered in Estonia with the registration number 16981891, and [&hellip;]\" \/>\n<meta property=\"og:url\" content=\"https:\/\/medisparkweb.com\/de\/cookie-policy\/\" \/>\n<meta property=\"og:site_name\" content=\"MedisparkWeb\" \/>\n<meta property=\"article:modified_time\" content=\"2024-06-27T16:05:09+00:00\" \/>\n<meta name=\"twitter:card\" content=\"summary_large_image\" \/>\n<meta name=\"twitter:label1\" content=\"Gesch\u00e4tzte Lesezeit\" \/>\n\t<meta name=\"twitter:data1\" content=\"3\u00a0Minuten\" \/>\n<script type=\"application\/ld+json\" class=\"yoast-schema-graph\">{\"@context\":\"https:\/\/schema.org\",\"@graph\":[{\"@type\":\"WebPage\",\"@id\":\"https:\/\/medisparkweb.com\/cookie-policy\/\",\"url\":\"https:\/\/medisparkweb.com\/cookie-policy\/\",\"name\":\"Cookie Policy - MedisparkWeb\",\"isPartOf\":{\"@id\":\"https:\/\/medisparkweb.com\/#website\"},\"datePublished\":\"2024-06-27T16:05:01+00:00\",\"dateModified\":\"2024-06-27T16:05:09+00:00\",\"breadcrumb\":{\"@id\":\"https:\/\/medisparkweb.com\/cookie-policy\/#breadcrumb\"},\"inLanguage\":\"de\",\"potentialAction\":[{\"@type\":\"ReadAction\",\"target\":[\"https:\/\/medisparkweb.com\/cookie-policy\/\"]}]},{\"@type\":\"BreadcrumbList\",\"@id\":\"https:\/\/medisparkweb.com\/cookie-policy\/#breadcrumb\",\"itemListElement\":[{\"@type\":\"ListItem\",\"position\":1,\"name\":\"Home\",\"item\":\"https:\/\/medisparkweb.com\/\"},{\"@type\":\"ListItem\",\"position\":2,\"name\":\"Cookie Policy\"}]},{\"@type\":\"WebSite\",\"@id\":\"https:\/\/medisparkweb.com\/#website\",\"url\":\"https:\/\/medisparkweb.com\/\",\"name\":\"MedisparkWeb\",\"description\":\"\",\"potentialAction\":[{\"@type\":\"SearchAction\",\"target\":{\"@type\":\"EntryPoint\",\"urlTemplate\":\"https:\/\/medisparkweb.com\/?s={search_term_string}\"},\"query-input\":\"required name=search_term_string\"}],\"inLanguage\":\"de\"}]}<\/script>\n<!-- \/ Yoast SEO plugin. -->","yoast_head_json":{"title":"Cookie Policy - MedisparkWeb","robots":{"index":"index","follow":"follow","max-snippet":"max-snippet:-1","max-image-preview":"max-image-preview:large","max-video-preview":"max-video-preview:-1"},"canonical":"https:\/\/medisparkweb.com\/de\/cookie-policy\/","og_locale":"de_DE","og_type":"article","og_title":"Cookie Policy - MedisparkWeb","og_description":"Medispark OU (hereafter referred to as &#8220;Medispark,&#8221; &#8220;we,&#8221; &#8220;us,&#8221; or &#8220;our&#8221;) is committed to enhancing your experience on our Website. This Cookie Policy outlines how we use cookies and similar technologies to recognize you when you visit our Website at MedisparkWeb.com (the &#8220;Website&#8221;). Our company is registered in Estonia with the registration number 16981891, and [&hellip;]","og_url":"https:\/\/medisparkweb.com\/de\/cookie-policy\/","og_site_name":"MedisparkWeb","article_modified_time":"2024-06-27T16:05:09+00:00","twitter_card":"summary_large_image","twitter_misc":{"Gesch\u00e4tzte Lesezeit":"3\u00a0Minuten"},"schema":{"@context":"https:\/\/schema.org","@graph":[{"@type":"WebPage","@id":"https:\/\/medisparkweb.com\/cookie-policy\/","url":"https:\/\/medisparkweb.com\/cookie-policy\/","name":"Cookie Policy - MedisparkWeb","isPartOf":{"@id":"https:\/\/medisparkweb.com\/#website"},"datePublished":"2024-06-27T16:05:01+00:00","dateModified":"2024-06-27T16:05:09+00:00","breadcrumb":{"@id":"https:\/\/medisparkweb.com\/cookie-policy\/#breadcrumb"},"inLanguage":"de","potentialAction":[{"@type":"ReadAction","target":["https:\/\/medisparkweb.com\/cookie-policy\/"]}]},{"@type":"BreadcrumbList","@id":"https:\/\/medisparkweb.com\/cookie-policy\/#breadcrumb","itemListElement":[{"@type":"ListItem","position":1,"name":"Home","item":"https:\/\/medisparkweb.com\/"},{"@type":"ListItem","position":2,"name":"Cookie Policy"}]},{"@type":"WebSite","@id":"https:\/\/medisparkweb.com\/#website","url":"https:\/\/medisparkweb.com\/","name":"MedisparkWeb","description":"","potentialAction":[{"@type":"SearchAction","target":{"@type":"EntryPoint","urlTemplate":"https:\/\/medisparkweb.com\/?s={search_term_string}"},"query-input":"required name=search_term_string"}],"inLanguage":"de"}]}},"_links":{"self":[{"href":"https:\/\/medisparkweb.com\/de\/wp-json\/wp\/v2\/pages\/379","targetHints":{"allow":["GET"]}}],"collection":[{"href":"https:\/\/medisparkweb.com\/de\/wp-json\/wp\/v2\/pages"}],"about":[{"href":"https:\/\/medisparkweb.com\/de\/wp-json\/wp\/v2\/types\/page"}],"author":[{"embeddable":true,"href":"https:\/\/medisparkweb.com\/de\/wp-json\/wp\/v2\/users\/1"}],"replies":[{"embeddable":true,"href":"https:\/\/medisparkweb.com\/de\/wp-json\/wp\/v2\/comments?post=379"}],"version-history":[{"count":1,"href":"https:\/\/medisparkweb.com\/de\/wp-json\/wp\/v2\/pages\/379\/revisions"}],"predecessor-version":[{"id":380,"href":"https:\/\/medisparkweb.com\/de\/wp-json\/wp\/v2\/pages\/379\/revisions\/380"}],"wp:attachment":[{"href":"https:\/\/medisparkweb.com\/de\/wp-json\/wp\/v2\/media?parent=379"}],"curies":[{"name":"wp","href":"https:\/\/api.w.org\/{rel}","templated":true}]}}