{"id":375,"date":"2024-06-27T16:00:05","date_gmt":"2024-06-27T16:00:05","guid":{"rendered":"https:\/\/medisparkweb.com\/?page_id=375"},"modified":"2024-06-27T16:00:05","modified_gmt":"2024-06-27T16:00:05","slug":"privacy-policy","status":"publish","type":"page","link":"https:\/\/medisparkweb.com\/de\/privacy-policy\/","title":{"rendered":"Datenschutzbestimmungen"},"content":{"rendered":"<p>Medispark, betrieben von Medispark OU (eingetragene Nummer: 16981891), verpflichtet sich, die Privatsph\u00e4re seiner Nutzer zu sch\u00fctzen. In dieser Datenschutzerkl\u00e4rung wird erl\u00e4utert, wie Medispark Informationen von Nutzern (\"Nutzer\") der Medispark-Website (\"Website\") und aller damit verbundenen Produkte und Dienstleistungen, die von Medispark angeboten werden, sammelt, verwendet, pflegt und offenlegt. Unsere registrierte Adresse ist Narva mnt 5-246, Tallinn, 10117, Estland, und unsere B\u00fcroadresse ist Valukoja 8\/1, 11415 Tallinn, Estland.<\/p>\n\n\n\n<h2 class=\"wp-block-heading\">Informationen zur pers\u00f6nlichen Identifizierung<\/h2>\n\n\n\n<p>Medispark kann pers\u00f6nliche Identifikationsdaten von Nutzern durch verschiedene Methoden sammeln, einschlie\u00dflich, aber nicht beschr\u00e4nkt auf, wenn Nutzer unsere Website besuchen, Formulare ausf\u00fcllen oder sich an anderen Aktivit\u00e4ten, Dienstleistungen, Funktionen oder Ressourcen auf unserer Website beteiligen. Die Benutzer werden m\u00f6glicherweise nach Details wie ihrem Namen, ihrer E-Mail-Adresse, ihrer Telefonnummer und anderen relevanten Informationen gefragt. Wir sammeln nur dann pers\u00f6nliche Identifikationsdaten von Benutzern, wenn sie diese freiwillig angeben. Die Benutzer k\u00f6nnen sich jederzeit entscheiden, keine pers\u00f6nlichen Identifikationsdaten anzugeben, wodurch sie m\u00f6glicherweise von der Bereitstellung von Dienstleistungen ausgeschlossen werden.<\/p>\n\n\n\n<h2 class=\"wp-block-heading\">Pers\u00f6nliche Informationen und beigef\u00fcgte Materialien<\/h2>\n\n\n\n<p>Alle Informationen, die der Kunde Medispark zur Verf\u00fcgung stellt, einschlie\u00dflich Produktmaterialien, pers\u00f6nliche Informationen und Projektspezifika (\"Kundenmaterialien\"), werden vertraulich behandelt und bleiben das ausschlie\u00dfliche Eigentum des Kunden. Medispark Web verpflichtet sich, alle Kundenmaterialien zu sch\u00fctzen und wird sie ohne ausdr\u00fcckliche schriftliche Zustimmung des Kunden nicht an Dritte weitergeben. Ein Versto\u00df gegen diese Vertraulichkeitsvereinbarung hat entsprechende disziplinarische Ma\u00dfnahmen zur Folge.<\/p>\n\n\n\n<h2 class=\"wp-block-heading\">Nicht-personenbezogene Identifizierungsinformationen<\/h2>\n\n\n\n<p>Medispark kann nicht-personenbezogene Identifizierungsdaten \u00fcber Nutzer sammeln, wenn diese mit unserer Website interagieren. Zu diesen Daten k\u00f6nnen der Browsertyp, der Ger\u00e4tetyp und technische Details \u00fcber die Verbindungsmethode des Nutzers zu unserer Website geh\u00f6ren, wie z. B. das Betriebssystem und der Internetdienstanbieter.<\/p>\n\n\n\n<h2 class=\"wp-block-heading\">Webbrowser-Cookies<\/h2>\n\n\n\n<p>Medispark kann Cookies verwenden, um die Nutzererfahrung zu verbessern. Cookies sind kleine Datendateien, die von einem Webserver an den Browser des Nutzers gesendet und auf der Festplatte des Nutzers gespeichert werden. Die Nutzer k\u00f6nnen ihren Webbrowser so einstellen, dass er Cookies ablehnt oder sie benachrichtigt, wenn Cookies gesendet werden. Die Deaktivierung von Cookies kann jedoch dazu f\u00fchren, dass einige Teile der Website nicht mehr funktionieren.<\/p>\n\n\n\n<h2 class=\"wp-block-heading\">Google Analytics<\/h2>\n\n\n\n<p>Medispark verwendet Google Analytics, um Daten dar\u00fcber zu sammeln, wie Nutzer mit der Website interagieren, einschlie\u00dflich Seitenbesuche und Nutzeraktivit\u00e4ten. Diese Informationen werden ausschlie\u00dflich dazu verwendet, die Leistung der Website und die Benutzerfreundlichkeit zu verbessern. Die Nutzer k\u00f6nnen die Nachverfolgung ihrer Besuche durch Google Analytics verhindern, indem sie die Cookies in den Einstellungen ihres Webbrowsers deaktivieren.<\/p>\n\n\n\n<h2 class=\"wp-block-heading\">Wie wir gesammelte Informationen verwenden<\/h2>\n\n\n\n<p>Medispark kann die pers\u00f6nlichen Daten der Nutzer f\u00fcr die folgenden Zwecke sammeln und verwenden:<\/p>\n\n\n\n<ul class=\"wp-block-list\">\n<li>Verbessern der Benutzererfahrung<\/li>\n\n\n\n<li>Verbesserung der Website-Funktionalit\u00e4t<\/li>\n\n\n\n<li>Unterst\u00fctzung der Kunden<\/li>\n\n\n\n<li>\u00dcbermittlung relevanter Aktualisierungen und Informationen<\/li>\n\n\n\n<li>Durchf\u00fchrung von Werbeaktionen oder Umfragen<\/li>\n<\/ul>\n\n\n\n<p>Medispark verpflichtet sich, die Daten der Nutzer zu sch\u00fctzen und geeignete Ma\u00dfnahmen zu ergreifen, um den unbefugten Zugriff, die Offenlegung oder \u00c4nderung pers\u00f6nlicher Daten zu verhindern.<\/p>\n\n\n\n<h2 class=\"wp-block-heading\">Weitergabe Ihrer pers\u00f6nlichen Informationen<\/h2>\n\n\n\n<p>Medispark verkauft, handelt oder vermietet die pers\u00f6nlichen Daten der Benutzer nicht an Dritte.<\/p>\n\n\n\n<h2 class=\"wp-block-heading\">\u00c4nderungen an dieser Datenschutzrichtlinie<\/h2>\n\n\n\n<p>Medispark beh\u00e4lt sich das Recht vor, diese Datenschutzrichtlinie jederzeit zu \u00e4ndern oder zu aktualisieren. Wir empfehlen unseren Nutzern, diese Richtlinie regelm\u00e4\u00dfig zu \u00fcberpr\u00fcfen, um \u00fcber etwaige \u00c4nderungen informiert zu sein. Wesentliche \u00c4nderungen werden den registrierten Nutzern per E-Mail-Benachrichtigung mitgeteilt.<\/p>\n\n\n\n<h2 class=\"wp-block-heading\">Ihr Einverst\u00e4ndnis<\/h2>\n\n\n\n<p>Durch den Zugriff auf die Medispark-Website und deren Nutzung erkl\u00e4ren Sie sich mit den in dieser Datenschutzrichtlinie aufgef\u00fchrten Bedingungen einverstanden. Wenn Sie mit diesen Bedingungen nicht einverstanden sind, nutzen Sie unsere Website bitte nicht.<\/p>\n\n\n\n<h2 class=\"wp-block-heading\">Kontaktinformationen<\/h2>\n\n\n\n<p>Wenn Sie Fragen, Bedenken oder Probleme im Zusammenhang mit unserer Datenschutzrichtlinie oder der Funktionalit\u00e4t der Website haben, wenden Sie sich bitte an uns:<\/p>\n\n\n\n<ul class=\"wp-block-list\">\n<li>E-Mail: <a href=\"mailto:info@medisparkweb.com\">info@medisparkweb.com<\/a><\/li>\n\n\n\n<li>Website: <a href=\"https:\/\/medisparkweb.com\/de\/\">medisparkweb.com<\/a><\/li>\n\n\n\n<li>Telefon: <a href=\"tel: 3726682564\">+3726682564<\/a><\/li>\n<\/ul>\n\n\n\n<p>Wir bem\u00fchen uns, Ihre Anfragen schnell und effektiv zu beantworten.<\/p>","protected":false},"excerpt":{"rendered":"<p>Medispark, operated by Medispark OU (registered number: 16981891), is committed to protecting the privacy of its users. This Privacy Policy explains how Medispark collects, uses, maintains, and discloses information from users (&#8220;Users&#8221;) of the Medispark website (&#8220;Website&#8221;) and any related products and services provided by Medispark. Our registered address is Narva mnt 5-246, Tallinn, 10117, [&hellip;]<\/p>","protected":false},"author":1,"featured_media":0,"parent":0,"menu_order":0,"comment_status":"closed","ping_status":"closed","template":"template-pages\/policy.php","meta":{"_acf_changed":false,"inline_featured_image":false,"footnotes":""},"class_list":["post-375","page","type-page","status-publish","hentry"],"acf":[],"yoast_head":"<!-- This site is optimized with the Yoast SEO plugin v22.8 - https:\/\/yoast.com\/wordpress\/plugins\/seo\/ -->\n<title>Privacy policy - MedisparkWeb<\/title>\n<meta name=\"robots\" content=\"index, follow, max-snippet:-1, max-image-preview:large, max-video-preview:-1\" \/>\n<link rel=\"canonical\" href=\"https:\/\/medisparkweb.com\/de\/privacy-policy\/\" \/>\n<meta property=\"og:locale\" content=\"de_DE\" \/>\n<meta property=\"og:type\" content=\"article\" \/>\n<meta property=\"og:title\" content=\"Privacy policy - MedisparkWeb\" \/>\n<meta property=\"og:description\" content=\"Medispark, operated by Medispark OU (registered number: 16981891), is committed to protecting the privacy of its users. This Privacy Policy explains how Medispark collects, uses, maintains, and discloses information from users (&#8220;Users&#8221;) of the Medispark website (&#8220;Website&#8221;) and any related products and services provided by Medispark. Our registered address is Narva mnt 5-246, Tallinn, 10117, [&hellip;]\" \/>\n<meta property=\"og:url\" content=\"https:\/\/medisparkweb.com\/de\/privacy-policy\/\" \/>\n<meta property=\"og:site_name\" content=\"MedisparkWeb\" \/>\n<meta name=\"twitter:card\" content=\"summary_large_image\" \/>\n<meta name=\"twitter:label1\" content=\"Gesch\u00e4tzte Lesezeit\" \/>\n\t<meta name=\"twitter:data1\" content=\"3\u00a0Minuten\" \/>\n<script type=\"application\/ld+json\" class=\"yoast-schema-graph\">{\"@context\":\"https:\/\/schema.org\",\"@graph\":[{\"@type\":\"WebPage\",\"@id\":\"https:\/\/medisparkweb.com\/privacy-policy\/\",\"url\":\"https:\/\/medisparkweb.com\/privacy-policy\/\",\"name\":\"Privacy policy - MedisparkWeb\",\"isPartOf\":{\"@id\":\"https:\/\/medisparkweb.com\/#website\"},\"datePublished\":\"2024-06-27T16:00:05+00:00\",\"dateModified\":\"2024-06-27T16:00:05+00:00\",\"breadcrumb\":{\"@id\":\"https:\/\/medisparkweb.com\/privacy-policy\/#breadcrumb\"},\"inLanguage\":\"de\",\"potentialAction\":[{\"@type\":\"ReadAction\",\"target\":[\"https:\/\/medisparkweb.com\/privacy-policy\/\"]}]},{\"@type\":\"BreadcrumbList\",\"@id\":\"https:\/\/medisparkweb.com\/privacy-policy\/#breadcrumb\",\"itemListElement\":[{\"@type\":\"ListItem\",\"position\":1,\"name\":\"Home\",\"item\":\"https:\/\/medisparkweb.com\/\"},{\"@type\":\"ListItem\",\"position\":2,\"name\":\"Privacy policy\"}]},{\"@type\":\"WebSite\",\"@id\":\"https:\/\/medisparkweb.com\/#website\",\"url\":\"https:\/\/medisparkweb.com\/\",\"name\":\"MedisparkWeb\",\"description\":\"\",\"potentialAction\":[{\"@type\":\"SearchAction\",\"target\":{\"@type\":\"EntryPoint\",\"urlTemplate\":\"https:\/\/medisparkweb.com\/?s={search_term_string}\"},\"query-input\":\"required name=search_term_string\"}],\"inLanguage\":\"de\"}]}<\/script>\n<!-- \/ Yoast SEO plugin. -->","yoast_head_json":{"title":"Privacy policy - MedisparkWeb","robots":{"index":"index","follow":"follow","max-snippet":"max-snippet:-1","max-image-preview":"max-image-preview:large","max-video-preview":"max-video-preview:-1"},"canonical":"https:\/\/medisparkweb.com\/de\/privacy-policy\/","og_locale":"de_DE","og_type":"article","og_title":"Privacy policy - MedisparkWeb","og_description":"Medispark, operated by Medispark OU (registered number: 16981891), is committed to protecting the privacy of its users. This Privacy Policy explains how Medispark collects, uses, maintains, and discloses information from users (&#8220;Users&#8221;) of the Medispark website (&#8220;Website&#8221;) and any related products and services provided by Medispark. Our registered address is Narva mnt 5-246, Tallinn, 10117, [&hellip;]","og_url":"https:\/\/medisparkweb.com\/de\/privacy-policy\/","og_site_name":"MedisparkWeb","twitter_card":"summary_large_image","twitter_misc":{"Gesch\u00e4tzte Lesezeit":"3\u00a0Minuten"},"schema":{"@context":"https:\/\/schema.org","@graph":[{"@type":"WebPage","@id":"https:\/\/medisparkweb.com\/privacy-policy\/","url":"https:\/\/medisparkweb.com\/privacy-policy\/","name":"Privacy policy - MedisparkWeb","isPartOf":{"@id":"https:\/\/medisparkweb.com\/#website"},"datePublished":"2024-06-27T16:00:05+00:00","dateModified":"2024-06-27T16:00:05+00:00","breadcrumb":{"@id":"https:\/\/medisparkweb.com\/privacy-policy\/#breadcrumb"},"inLanguage":"de","potentialAction":[{"@type":"ReadAction","target":["https:\/\/medisparkweb.com\/privacy-policy\/"]}]},{"@type":"BreadcrumbList","@id":"https:\/\/medisparkweb.com\/privacy-policy\/#breadcrumb","itemListElement":[{"@type":"ListItem","position":1,"name":"Home","item":"https:\/\/medisparkweb.com\/"},{"@type":"ListItem","position":2,"name":"Privacy policy"}]},{"@type":"WebSite","@id":"https:\/\/medisparkweb.com\/#website","url":"https:\/\/medisparkweb.com\/","name":"MedisparkWeb","description":"","potentialAction":[{"@type":"SearchAction","target":{"@type":"EntryPoint","urlTemplate":"https:\/\/medisparkweb.com\/?s={search_term_string}"},"query-input":"required name=search_term_string"}],"inLanguage":"de"}]}},"_links":{"self":[{"href":"https:\/\/medisparkweb.com\/de\/wp-json\/wp\/v2\/pages\/375","targetHints":{"allow":["GET"]}}],"collection":[{"href":"https:\/\/medisparkweb.com\/de\/wp-json\/wp\/v2\/pages"}],"about":[{"href":"https:\/\/medisparkweb.com\/de\/wp-json\/wp\/v2\/types\/page"}],"author":[{"embeddable":true,"href":"https:\/\/medisparkweb.com\/de\/wp-json\/wp\/v2\/users\/1"}],"replies":[{"embeddable":true,"href":"https:\/\/medisparkweb.com\/de\/wp-json\/wp\/v2\/comments?post=375"}],"version-history":[{"count":1,"href":"https:\/\/medisparkweb.com\/de\/wp-json\/wp\/v2\/pages\/375\/revisions"}],"predecessor-version":[{"id":376,"href":"https:\/\/medisparkweb.com\/de\/wp-json\/wp\/v2\/pages\/375\/revisions\/376"}],"wp:attachment":[{"href":"https:\/\/medisparkweb.com\/de\/wp-json\/wp\/v2\/media?parent=375"}],"curies":[{"name":"wp","href":"https:\/\/api.w.org\/{rel}","templated":true}]}}